{"id":3249,"date":"2026-03-06T07:41:07","date_gmt":"2026-03-06T06:41:07","guid":{"rendered":"http:\/\/localhost:8888\/proms2026\/?post_type=product&#038;p=3249"},"modified":"2026-03-06T07:42:35","modified_gmt":"2026-03-06T06:42:35","slug":"poirier-brudsloja-s224-120-1-soft","status":"publish","type":"product","link":"https:\/\/promsandweddings.se\/dk\/produkt\/poirier-brudsloja-s224-120-1-soft\/","title":{"rendered":"Poirier brudesl\u251c\u00f8r S224-120\/1\/SOFT"},"content":{"rendered":"","protected":false},"excerpt":{"rendered":"<p>Poirier brudesl\u251c\u00f8r S224-120\/1\/SOFT<\/p>\n<p>.Elfenbenssl\u00f6ja av mjuk tyll<br \/>\n.dekorerad med silvertr\u00e5dsbroderier, kristaller och paljetter<br \/>\n.L\u00e4ngd: 120cm<br \/>\n.Du kan f\u00e4sta denna sl\u00f6ja i h\u00e5ret med sin kam<\/p>","protected":false},"featured_media":3368,"template":"","meta":[],"pwb-brand":[],"product_brand":[],"product_cat":[191,31,30],"product_tag":[260,259,193,261],"class_list":{"0":"post-3249","1":"product","2":"type-product","3":"status-publish","4":"has-post-thumbnail","6":"product_cat-poirier","7":"product_cat-slojor","8":"product_cat-tillbehor","9":"product_tag-120cm","10":"product_tag-brudslojor","11":"product_tag-poirier","12":"product_tag-soft","14":"first","15":"instock","16":"shipping-taxable","17":"purchasable","18":"product-type-simple"},"yoast_head":"<!-- This site is optimized with the Yoast SEO plugin v27.4 - https:\/\/yoast.com\/product\/yoast-seo-wordpress\/ -->\n<title>Poirier brudsl\u00f6ja S224-120\/1\/SOFT | Proms and Weddings<\/title>\n<meta name=\"description\" content=\"Uppt\u00e4ck Poirier brudsl\u00f6ja S224-120\/1\/SOFT hos Proms &amp; Weddings i Malm\u00f6. Hitta din dr\u00f6mkl\u00e4nning bland exklusiva br\u00f6llopskl\u00e4nningar fr\u00e5n v\u00e4lk\u00e4nda designers.\" \/>\n<meta name=\"robots\" content=\"index, follow, max-snippet:-1, max-image-preview:large, max-video-preview:-1\" \/>\n<link rel=\"canonical\" href=\"https:\/\/promsandweddings.se\/dk\/vare\/poirier-brudsloja-s224-120-1-soft\/\" \/>\n<meta property=\"og:locale\" content=\"da_DK\" \/>\n<meta property=\"og:type\" content=\"article\" \/>\n<meta property=\"og:title\" content=\"Poirier brudsl\u00f6ja S224-120\/1\/SOFT | Proms and Weddings\" \/>\n<meta property=\"og:description\" content=\"Uppt\u00e4ck Poirier brudsl\u00f6ja S224-120\/1\/SOFT hos Proms &amp; Weddings i Malm\u00f6. Hitta din dr\u00f6mkl\u00e4nning bland exklusiva br\u00f6llopskl\u00e4nningar fr\u00e5n v\u00e4lk\u00e4nda designers.\" \/>\n<meta property=\"og:url\" content=\"https:\/\/promsandweddings.se\/dk\/vare\/poirier-brudsloja-s224-120-1-soft\/\" \/>\n<meta property=\"og:site_name\" content=\"Proms and Weddings\" \/>\n<meta property=\"article:publisher\" content=\"https:\/\/www.facebook.com\/promsandweddings\" \/>\n<meta property=\"article:modified_time\" content=\"2026-03-06T06:42:35+00:00\" \/>\n<meta property=\"og:image\" content=\"https:\/\/promsandweddings.se\/wp-content\/uploads\/2026\/03\/s224_120_1_soft_002_s224_120_002_01.jpeg\" \/>\n\t<meta property=\"og:image:width\" content=\"1000\" \/>\n\t<meta property=\"og:image:height\" content=\"1330\" \/>\n\t<meta property=\"og:image:type\" content=\"image\/jpeg\" \/>\n<meta name=\"twitter:card\" content=\"summary_large_image\" \/>\n<meta name=\"twitter:site\" content=\"@PromsWeddings\" \/>\n<script type=\"application\/ld+json\" class=\"yoast-schema-graph\">{\"@context\":\"https:\\\/\\\/schema.org\",\"@graph\":[{\"@type\":\"WebPage\",\"@id\":\"https:\\\/\\\/promsandweddings.se\\\/produkt\\\/poirier-brudsloja-s224-120-1-soft\\\/\",\"url\":\"https:\\\/\\\/promsandweddings.se\\\/produkt\\\/poirier-brudsloja-s224-120-1-soft\\\/\",\"name\":\"Poirier brudsl\u00f6ja S224-120\\\/1\\\/SOFT | Proms and Weddings\",\"isPartOf\":{\"@id\":\"https:\\\/\\\/promsandweddings.se\\\/#website\"},\"primaryImageOfPage\":{\"@id\":\"https:\\\/\\\/promsandweddings.se\\\/produkt\\\/poirier-brudsloja-s224-120-1-soft\\\/#primaryimage\"},\"image\":{\"@id\":\"https:\\\/\\\/promsandweddings.se\\\/produkt\\\/poirier-brudsloja-s224-120-1-soft\\\/#primaryimage\"},\"thumbnailUrl\":\"https:\\\/\\\/promsandweddings.se\\\/wp-content\\\/uploads\\\/2026\\\/03\\\/s224_120_1_soft_002_s224_120_002_01.jpeg\",\"datePublished\":\"2026-03-06T06:41:07+00:00\",\"dateModified\":\"2026-03-06T06:42:35+00:00\",\"description\":\"Uppt\u00e4ck Poirier brudsl\u00f6ja S224-120\\\/1\\\/SOFT hos Proms & Weddings i Malm\u00f6. Hitta din dr\u00f6mkl\u00e4nning bland exklusiva br\u00f6llopskl\u00e4nningar fr\u00e5n v\u00e4lk\u00e4nda designers.\",\"breadcrumb\":{\"@id\":\"https:\\\/\\\/promsandweddings.se\\\/produkt\\\/poirier-brudsloja-s224-120-1-soft\\\/#breadcrumb\"},\"inLanguage\":\"da-DK\",\"potentialAction\":[{\"@type\":\"ReadAction\",\"target\":[\"https:\\\/\\\/promsandweddings.se\\\/produkt\\\/poirier-brudsloja-s224-120-1-soft\\\/\"]}]},{\"@type\":\"ImageObject\",\"inLanguage\":\"da-DK\",\"@id\":\"https:\\\/\\\/promsandweddings.se\\\/produkt\\\/poirier-brudsloja-s224-120-1-soft\\\/#primaryimage\",\"url\":\"https:\\\/\\\/promsandweddings.se\\\/wp-content\\\/uploads\\\/2026\\\/03\\\/s224_120_1_soft_002_s224_120_002_01.jpeg\",\"contentUrl\":\"https:\\\/\\\/promsandweddings.se\\\/wp-content\\\/uploads\\\/2026\\\/03\\\/s224_120_1_soft_002_s224_120_002_01.jpeg\",\"width\":1000,\"height\":1330},{\"@type\":\"BreadcrumbList\",\"@id\":\"https:\\\/\\\/promsandweddings.se\\\/produkt\\\/poirier-brudsloja-s224-120-1-soft\\\/#breadcrumb\",\"itemListElement\":[{\"@type\":\"ListItem\",\"position\":1,\"name\":\"Home\",\"item\":\"https:\\\/\\\/promsandweddings.se\\\/\"},{\"@type\":\"ListItem\",\"position\":2,\"name\":\"Webshop\",\"item\":\"https:\\\/\\\/promsandweddings.se\\\/webshop\\\/\"},{\"@type\":\"ListItem\",\"position\":3,\"name\":\"Poirier brudsl\u00f6ja S224-120\\\/1\\\/SOFT\"}]},{\"@type\":\"WebSite\",\"@id\":\"https:\\\/\\\/promsandweddings.se\\\/#website\",\"url\":\"https:\\\/\\\/promsandweddings.se\\\/\",\"name\":\"Proms and Weddings\",\"description\":\"Hitta din dr\u00f6mkl\u00e4nning\",\"publisher\":{\"@id\":\"https:\\\/\\\/promsandweddings.se\\\/#organization\"},\"alternateName\":\"Proms & Weddings\",\"potentialAction\":[{\"@type\":\"SearchAction\",\"target\":{\"@type\":\"EntryPoint\",\"urlTemplate\":\"https:\\\/\\\/promsandweddings.se\\\/?s={search_term_string}\"},\"query-input\":{\"@type\":\"PropertyValueSpecification\",\"valueRequired\":true,\"valueName\":\"search_term_string\"}}],\"inLanguage\":\"da-DK\"},{\"@type\":\"Organization\",\"@id\":\"https:\\\/\\\/promsandweddings.se\\\/#organization\",\"name\":\"Proms & Weddings\",\"url\":\"https:\\\/\\\/promsandweddings.se\\\/\",\"logo\":{\"@type\":\"ImageObject\",\"inLanguage\":\"da-DK\",\"@id\":\"https:\\\/\\\/promsandweddings.se\\\/#\\\/schema\\\/logo\\\/image\\\/\",\"url\":\"https:\\\/\\\/promsandweddings.se\\\/wp-content\\\/uploads\\\/2026\\\/03\\\/pwlogosv-2-2.webp\",\"contentUrl\":\"https:\\\/\\\/promsandweddings.se\\\/wp-content\\\/uploads\\\/2026\\\/03\\\/pwlogosv-2-2.webp\",\"width\":556,\"height\":152,\"caption\":\"Proms & Weddings\"},\"image\":{\"@id\":\"https:\\\/\\\/promsandweddings.se\\\/#\\\/schema\\\/logo\\\/image\\\/\"},\"sameAs\":[\"https:\\\/\\\/www.facebook.com\\\/promsandweddings\",\"https:\\\/\\\/x.com\\\/PromsWeddings\",\"https:\\\/\\\/www.instagram.com\\\/promsandweddings\\\/\",\"https:\\\/\\\/www.youtube.com\\\/@promsandweddings\\\/shorts\",\"https:\\\/\\\/www.tiktok.com\\\/@promsandweddings\",\"https:\\\/\\\/se.pinterest.com\\\/promsandwedding\"]}]}<\/script>\n<!-- \/ Yoast SEO plugin. -->","yoast_head_json":{"title":"Poirier brudesl \u00f8r S224-120\/1\/SOFT | Proms and Weddings","description":"Opdag Poirier brudesl \u00f8r S224-120\/1\/SOFT hos Proms &amp; Weddings i Malm\u00f8. Find din dr\u00f8mmekjole blandt eksklusive bryllupskjoler fra kendte designere.","robots":{"index":"index","follow":"follow","max-snippet":"max-snippet:-1","max-image-preview":"max-image-preview:large","max-video-preview":"max-video-preview:-1"},"canonical":"https:\/\/promsandweddings.se\/dk\/vare\/poirier-brudsloja-s224-120-1-soft\/","og_locale":"da_DK","og_type":"article","og_title":"Poirier brudsl\u00f6ja S224-120\/1\/SOFT | Proms and Weddings","og_description":"Uppt\u00e4ck Poirier brudsl\u00f6ja S224-120\/1\/SOFT hos Proms & Weddings i Malm\u00f6. Hitta din dr\u00f6mkl\u00e4nning bland exklusiva br\u00f6llopskl\u00e4nningar fr\u00e5n v\u00e4lk\u00e4nda designers.","og_url":"https:\/\/promsandweddings.se\/dk\/vare\/poirier-brudsloja-s224-120-1-soft\/","og_site_name":"Proms and Weddings","article_publisher":"https:\/\/www.facebook.com\/promsandweddings","article_modified_time":"2026-03-06T06:42:35+00:00","og_image":[{"width":1000,"height":1330,"url":"https:\/\/promsandweddings.se\/wp-content\/uploads\/2026\/03\/s224_120_1_soft_002_s224_120_002_01.jpeg","type":"image\/jpeg"}],"twitter_card":"summary_large_image","twitter_site":"@PromsWeddings","schema":{"@context":"https:\/\/schema.org","@graph":[{"@type":"WebPage","@id":"https:\/\/promsandweddings.se\/produkt\/poirier-brudsloja-s224-120-1-soft\/","url":"https:\/\/promsandweddings.se\/produkt\/poirier-brudsloja-s224-120-1-soft\/","name":"Poirier brudesl \u00f8r S224-120\/1\/SOFT | Proms and Weddings","isPartOf":{"@id":"https:\/\/promsandweddings.se\/#website"},"primaryImageOfPage":{"@id":"https:\/\/promsandweddings.se\/produkt\/poirier-brudsloja-s224-120-1-soft\/#primaryimage"},"image":{"@id":"https:\/\/promsandweddings.se\/produkt\/poirier-brudsloja-s224-120-1-soft\/#primaryimage"},"thumbnailUrl":"https:\/\/promsandweddings.se\/wp-content\/uploads\/2026\/03\/s224_120_1_soft_002_s224_120_002_01.jpeg","datePublished":"2026-03-06T06:41:07+00:00","dateModified":"2026-03-06T06:42:35+00:00","description":"Opdag Poirier brudesl \u00f8r S224-120\/1\/SOFT hos Proms &amp; Weddings i Malm\u00f8. Find din dr\u00f8mmekjole blandt eksklusive bryllupskjoler fra kendte designere.","breadcrumb":{"@id":"https:\/\/promsandweddings.se\/produkt\/poirier-brudsloja-s224-120-1-soft\/#breadcrumb"},"inLanguage":"da-DK","potentialAction":[{"@type":"ReadAction","target":["https:\/\/promsandweddings.se\/produkt\/poirier-brudsloja-s224-120-1-soft\/"]}]},{"@type":"ImageObject","inLanguage":"da-DK","@id":"https:\/\/promsandweddings.se\/produkt\/poirier-brudsloja-s224-120-1-soft\/#primaryimage","url":"https:\/\/promsandweddings.se\/wp-content\/uploads\/2026\/03\/s224_120_1_soft_002_s224_120_002_01.jpeg","contentUrl":"https:\/\/promsandweddings.se\/wp-content\/uploads\/2026\/03\/s224_120_1_soft_002_s224_120_002_01.jpeg","width":1000,"height":1330},{"@type":"BreadcrumbList","@id":"https:\/\/promsandweddings.se\/produkt\/poirier-brudsloja-s224-120-1-soft\/#breadcrumb","itemListElement":[{"@type":"ListItem","position":1,"name":"Home","item":"https:\/\/promsandweddings.se\/"},{"@type":"ListItem","position":2,"name":"Webshop","item":"https:\/\/promsandweddings.se\/webshop\/"},{"@type":"ListItem","position":3,"name":"Poirier brudsl\u00f6ja S224-120\/1\/SOFT"}]},{"@type":"WebSite","@id":"https:\/\/promsandweddings.se\/#website","url":"https:\/\/promsandweddings.se\/","name":"Proms and Weddings","description":"Find din dr\u00f8mmekjole","publisher":{"@id":"https:\/\/promsandweddings.se\/#organization"},"alternateName":"Proms & Weddings","potentialAction":[{"@type":"SearchAction","target":{"@type":"EntryPoint","urlTemplate":"https:\/\/promsandweddings.se\/?s={search_term_string}"},"query-input":{"@type":"PropertyValueSpecification","valueRequired":true,"valueName":"search_term_string"}}],"inLanguage":"da-DK"},{"@type":"Organization","@id":"https:\/\/promsandweddings.se\/#organization","name":"Proms &amp; Weddings","url":"https:\/\/promsandweddings.se\/","logo":{"@type":"ImageObject","inLanguage":"da-DK","@id":"https:\/\/promsandweddings.se\/#\/schema\/logo\/image\/","url":"https:\/\/promsandweddings.se\/wp-content\/uploads\/2026\/03\/pwlogosv-2-2.webp","contentUrl":"https:\/\/promsandweddings.se\/wp-content\/uploads\/2026\/03\/pwlogosv-2-2.webp","width":556,"height":152,"caption":"Proms & Weddings"},"image":{"@id":"https:\/\/promsandweddings.se\/#\/schema\/logo\/image\/"},"sameAs":["https:\/\/www.facebook.com\/promsandweddings","https:\/\/x.com\/PromsWeddings","https:\/\/www.instagram.com\/promsandweddings\/","https:\/\/www.youtube.com\/@promsandweddings\/shorts","https:\/\/www.tiktok.com\/@promsandweddings","https:\/\/se.pinterest.com\/promsandwedding"]}]}},"jetpack_sharing_enabled":true,"brands":[],"_links":{"self":[{"href":"https:\/\/promsandweddings.se\/dk\/wp-json\/wp\/v2\/product\/3249","targetHints":{"allow":["GET"]}}],"collection":[{"href":"https:\/\/promsandweddings.se\/dk\/wp-json\/wp\/v2\/product"}],"about":[{"href":"https:\/\/promsandweddings.se\/dk\/wp-json\/wp\/v2\/types\/product"}],"wp:featuredmedia":[{"embeddable":true,"href":"https:\/\/promsandweddings.se\/dk\/wp-json\/wp\/v2\/media\/3368"}],"wp:attachment":[{"href":"https:\/\/promsandweddings.se\/dk\/wp-json\/wp\/v2\/media?parent=3249"}],"wp:term":[{"taxonomy":"pwb-brand","embeddable":true,"href":"https:\/\/promsandweddings.se\/dk\/wp-json\/wp\/v2\/pwb-brand?post=3249"},{"taxonomy":"product_brand","embeddable":true,"href":"https:\/\/promsandweddings.se\/dk\/wp-json\/wp\/v2\/product_brand?post=3249"},{"taxonomy":"product_cat","embeddable":true,"href":"https:\/\/promsandweddings.se\/dk\/wp-json\/wp\/v2\/product_cat?post=3249"},{"taxonomy":"product_tag","embeddable":true,"href":"https:\/\/promsandweddings.se\/dk\/wp-json\/wp\/v2\/product_tag?post=3249"}],"curies":[{"name":"wp","href":"https:\/\/api.w.org\/{rel}","templated":true}]}}