{"id":4270,"date":"2026-03-06T08:01:11","date_gmt":"2026-03-06T07:01:11","guid":{"rendered":"http:\/\/localhost:8888\/proms2026\/?post_type=product&#038;p=4270"},"modified":"2026-03-06T08:39:08","modified_gmt":"2026-03-06T07:39:08","slug":"mandy-rebecca-ingram-brudklanning","status":"publish","type":"product","link":"https:\/\/promsandweddings.se\/dk\/produkt\/mandy-rebecca-ingram-brudklanning\/","title":{"rendered":"Mandy Rebecca Ingram brudekjole"},"content":{"rendered":"","protected":false},"excerpt":{"rendered":"<p><strong>by REBECCA INGRAM<\/strong><\/p>\n<p>M\u00f8nstret kniplingsmotiv kaskader over et lag Chantilly kniplingsstof i denne slim-passende brudekjole, med V-udsk\u00e6ring og V-ryg med illusionskant. Delikat muslingekant langs halsen og kanten fremkalder elegant charme. F\u00e6rdig med krystalknapperover lynl\u00e5sen.<\/p>\n<p><strong><em>(Kontakt os for pris, booking og pr\u00f8vning af brudekjoler)<\/em><\/strong><\/p>\n<p>&nbsp;<\/p>","protected":false},"featured_media":4811,"template":"","meta":[],"pwb-brand":[],"product_brand":[],"product_cat":[16,237,17],"product_tag":[47,25,22,238],"class_list":{"0":"post-4270","1":"product","2":"type-product","3":"status-publish","4":"has-post-thumbnail","6":"product_cat-klanningar","7":"product_cat-rebecca-ingram","8":"product_cat-brudklanningar","9":"product_tag-a-linje","10":"product_tag-brollopsklanning","11":"product_tag-brudklanning","12":"product_tag-rebecca-ingram","14":"first","15":"instock","16":"sale","17":"shipping-taxable","18":"purchasable","19":"product-type-simple"},"yoast_head":"<!-- This site is optimized with the Yoast SEO plugin v27.4 - https:\/\/yoast.com\/product\/yoast-seo-wordpress\/ -->\n<title>Mandy Rebecca ingram brudkl\u00e4nning - Rebecca Ingram br\u00f6llopskl\u00e4nning |\u00a0Proms and Weddings \u00ae<\/title>\n<meta name=\"description\" content=\"Mandy Rebecca ingram brudkl\u00e4nning br\u00f6llopskl\u00e4nning. K\u00f6p vackra fest- och br\u00f6llopskl\u00e4der online hos Proms and Weddings. \u2713 Stort sortiment. \u2713 K\u00e4nda varum\u00e4rken. V\u00e4lkommen!\" \/>\n<meta name=\"robots\" content=\"index, follow, max-snippet:-1, max-image-preview:large, max-video-preview:-1\" \/>\n<link rel=\"canonical\" href=\"https:\/\/promsandweddings.se\/dk\/vare\/mandy-rebecca-ingram-brudklanning\/\" \/>\n<meta property=\"og:locale\" content=\"da_DK\" \/>\n<meta property=\"og:type\" content=\"article\" \/>\n<meta property=\"og:title\" content=\"Mandy Rebecca ingram brudkl\u00e4nning - Rebecca Ingram br\u00f6llopskl\u00e4nning |\u00a0Proms and Weddings \u00ae\" \/>\n<meta property=\"og:description\" content=\"Mandy Rebecca ingram brudkl\u00e4nning br\u00f6llopskl\u00e4nning. K\u00f6p vackra fest- och br\u00f6llopskl\u00e4der online hos Proms and Weddings. \u2713 Stort sortiment. \u2713 K\u00e4nda varum\u00e4rken. V\u00e4lkommen!\" \/>\n<meta property=\"og:url\" content=\"https:\/\/promsandweddings.se\/dk\/vare\/mandy-rebecca-ingram-brudklanning\/\" \/>\n<meta property=\"og:site_name\" content=\"Proms and Weddings\" \/>\n<meta property=\"article:publisher\" content=\"https:\/\/www.facebook.com\/promsandweddings\" \/>\n<meta property=\"article:modified_time\" content=\"2026-03-06T07:39:08+00:00\" \/>\n<meta property=\"og:image\" content=\"https:\/\/promsandweddings.se\/wp-content\/uploads\/2026\/03\/Large-Rebecca-Ingram-Mandy-9RW804-Back.webp\" \/>\n\t<meta property=\"og:image:width\" content=\"768\" \/>\n\t<meta property=\"og:image:height\" content=\"1024\" \/>\n\t<meta property=\"og:image:type\" content=\"image\/webp\" \/>\n<meta name=\"twitter:card\" content=\"summary_large_image\" \/>\n<meta name=\"twitter:site\" content=\"@PromsWeddings\" \/>\n<script type=\"application\/ld+json\" class=\"yoast-schema-graph\">{\"@context\":\"https:\\\/\\\/schema.org\",\"@graph\":[{\"@type\":\"WebPage\",\"@id\":\"https:\\\/\\\/promsandweddings.se\\\/produkt\\\/mandy-rebecca-ingram-brudklanning\\\/\",\"url\":\"https:\\\/\\\/promsandweddings.se\\\/produkt\\\/mandy-rebecca-ingram-brudklanning\\\/\",\"name\":\"Mandy Rebecca ingram brudkl\u00e4nning - Rebecca Ingram br\u00f6llopskl\u00e4nning |\u00a0Proms and Weddings \u00ae\",\"isPartOf\":{\"@id\":\"https:\\\/\\\/promsandweddings.se\\\/#website\"},\"primaryImageOfPage\":{\"@id\":\"https:\\\/\\\/promsandweddings.se\\\/produkt\\\/mandy-rebecca-ingram-brudklanning\\\/#primaryimage\"},\"image\":{\"@id\":\"https:\\\/\\\/promsandweddings.se\\\/produkt\\\/mandy-rebecca-ingram-brudklanning\\\/#primaryimage\"},\"thumbnailUrl\":\"https:\\\/\\\/promsandweddings.se\\\/wp-content\\\/uploads\\\/2026\\\/03\\\/Large-Rebecca-Ingram-Mandy-9RW804-Back.webp\",\"datePublished\":\"2026-03-06T07:01:11+00:00\",\"dateModified\":\"2026-03-06T07:39:08+00:00\",\"description\":\"Mandy Rebecca ingram brudkl\u00e4nning br\u00f6llopskl\u00e4nning. K\u00f6p vackra fest- och br\u00f6llopskl\u00e4der online hos Proms and Weddings. \u2713 Stort sortiment. \u2713 K\u00e4nda varum\u00e4rken. V\u00e4lkommen!\",\"breadcrumb\":{\"@id\":\"https:\\\/\\\/promsandweddings.se\\\/produkt\\\/mandy-rebecca-ingram-brudklanning\\\/#breadcrumb\"},\"inLanguage\":\"da-DK\",\"potentialAction\":[{\"@type\":\"ReadAction\",\"target\":[\"https:\\\/\\\/promsandweddings.se\\\/produkt\\\/mandy-rebecca-ingram-brudklanning\\\/\"]}]},{\"@type\":\"ImageObject\",\"inLanguage\":\"da-DK\",\"@id\":\"https:\\\/\\\/promsandweddings.se\\\/produkt\\\/mandy-rebecca-ingram-brudklanning\\\/#primaryimage\",\"url\":\"https:\\\/\\\/promsandweddings.se\\\/wp-content\\\/uploads\\\/2026\\\/03\\\/Large-Rebecca-Ingram-Mandy-9RW804-Back.webp\",\"contentUrl\":\"https:\\\/\\\/promsandweddings.se\\\/wp-content\\\/uploads\\\/2026\\\/03\\\/Large-Rebecca-Ingram-Mandy-9RW804-Back.webp\",\"width\":768,\"height\":1024},{\"@type\":\"BreadcrumbList\",\"@id\":\"https:\\\/\\\/promsandweddings.se\\\/produkt\\\/mandy-rebecca-ingram-brudklanning\\\/#breadcrumb\",\"itemListElement\":[{\"@type\":\"ListItem\",\"position\":1,\"name\":\"Home\",\"item\":\"https:\\\/\\\/promsandweddings.se\\\/\"},{\"@type\":\"ListItem\",\"position\":2,\"name\":\"Webshop\",\"item\":\"https:\\\/\\\/promsandweddings.se\\\/webshop\\\/\"},{\"@type\":\"ListItem\",\"position\":3,\"name\":\"Mandy Rebecca ingram brudkl\u00e4nning\"}]},{\"@type\":\"WebSite\",\"@id\":\"https:\\\/\\\/promsandweddings.se\\\/#website\",\"url\":\"https:\\\/\\\/promsandweddings.se\\\/\",\"name\":\"Proms and Weddings\",\"description\":\"Hitta din dr\u00f6mkl\u00e4nning\",\"publisher\":{\"@id\":\"https:\\\/\\\/promsandweddings.se\\\/#organization\"},\"alternateName\":\"Proms & Weddings\",\"potentialAction\":[{\"@type\":\"SearchAction\",\"target\":{\"@type\":\"EntryPoint\",\"urlTemplate\":\"https:\\\/\\\/promsandweddings.se\\\/?s={search_term_string}\"},\"query-input\":{\"@type\":\"PropertyValueSpecification\",\"valueRequired\":true,\"valueName\":\"search_term_string\"}}],\"inLanguage\":\"da-DK\"},{\"@type\":\"Organization\",\"@id\":\"https:\\\/\\\/promsandweddings.se\\\/#organization\",\"name\":\"Proms & Weddings\",\"url\":\"https:\\\/\\\/promsandweddings.se\\\/\",\"logo\":{\"@type\":\"ImageObject\",\"inLanguage\":\"da-DK\",\"@id\":\"https:\\\/\\\/promsandweddings.se\\\/#\\\/schema\\\/logo\\\/image\\\/\",\"url\":\"https:\\\/\\\/promsandweddings.se\\\/wp-content\\\/uploads\\\/2026\\\/03\\\/pwlogosv-2-2.webp\",\"contentUrl\":\"https:\\\/\\\/promsandweddings.se\\\/wp-content\\\/uploads\\\/2026\\\/03\\\/pwlogosv-2-2.webp\",\"width\":556,\"height\":152,\"caption\":\"Proms & Weddings\"},\"image\":{\"@id\":\"https:\\\/\\\/promsandweddings.se\\\/#\\\/schema\\\/logo\\\/image\\\/\"},\"sameAs\":[\"https:\\\/\\\/www.facebook.com\\\/promsandweddings\",\"https:\\\/\\\/x.com\\\/PromsWeddings\",\"https:\\\/\\\/www.instagram.com\\\/promsandweddings\\\/\",\"https:\\\/\\\/www.youtube.com\\\/@promsandweddings\\\/shorts\",\"https:\\\/\\\/www.tiktok.com\\\/@promsandweddings\",\"https:\\\/\\\/se.pinterest.com\\\/promsandwedding\"]}]}<\/script>\n<!-- \/ Yoast SEO plugin. -->","yoast_head_json":{"title":"Mandy Rebecca ingram brudekjole - Rebecca Ingram brudekjole | Proms and Weddings \u00ae","description":"Mandy Rebecca ingram brudekjole bryllupskjole. K\u00f8b smukke fest- og bryllupskjoler online hos Proms and Weddings. \u2713 Stort udvalg. \u2713 Kendte m\u00e6rker. Velkommen!","robots":{"index":"index","follow":"follow","max-snippet":"max-snippet:-1","max-image-preview":"max-image-preview:large","max-video-preview":"max-video-preview:-1"},"canonical":"https:\/\/promsandweddings.se\/dk\/vare\/mandy-rebecca-ingram-brudklanning\/","og_locale":"da_DK","og_type":"article","og_title":"Mandy Rebecca ingram brudkl\u00e4nning - Rebecca Ingram br\u00f6llopskl\u00e4nning |\u00a0Proms and Weddings \u00ae","og_description":"Mandy Rebecca ingram brudkl\u00e4nning br\u00f6llopskl\u00e4nning. K\u00f6p vackra fest- och br\u00f6llopskl\u00e4der online hos Proms and Weddings. \u2713 Stort sortiment. \u2713 K\u00e4nda varum\u00e4rken. V\u00e4lkommen!","og_url":"https:\/\/promsandweddings.se\/dk\/vare\/mandy-rebecca-ingram-brudklanning\/","og_site_name":"Proms and Weddings","article_publisher":"https:\/\/www.facebook.com\/promsandweddings","article_modified_time":"2026-03-06T07:39:08+00:00","og_image":[{"width":768,"height":1024,"url":"https:\/\/promsandweddings.se\/wp-content\/uploads\/2026\/03\/Large-Rebecca-Ingram-Mandy-9RW804-Back.webp","type":"image\/webp"}],"twitter_card":"summary_large_image","twitter_site":"@PromsWeddings","schema":{"@context":"https:\/\/schema.org","@graph":[{"@type":"WebPage","@id":"https:\/\/promsandweddings.se\/produkt\/mandy-rebecca-ingram-brudklanning\/","url":"https:\/\/promsandweddings.se\/produkt\/mandy-rebecca-ingram-brudklanning\/","name":"Mandy Rebecca ingram brudekjole - Rebecca Ingram brudekjole | Proms and Weddings \u00ae","isPartOf":{"@id":"https:\/\/promsandweddings.se\/#website"},"primaryImageOfPage":{"@id":"https:\/\/promsandweddings.se\/produkt\/mandy-rebecca-ingram-brudklanning\/#primaryimage"},"image":{"@id":"https:\/\/promsandweddings.se\/produkt\/mandy-rebecca-ingram-brudklanning\/#primaryimage"},"thumbnailUrl":"https:\/\/promsandweddings.se\/wp-content\/uploads\/2026\/03\/Large-Rebecca-Ingram-Mandy-9RW804-Back.webp","datePublished":"2026-03-06T07:01:11+00:00","dateModified":"2026-03-06T07:39:08+00:00","description":"Mandy Rebecca ingram brudekjole bryllupskjole. K\u00f8b smukke fest- og bryllupskjoler online hos Proms and Weddings. \u2713 Stort udvalg. \u2713 Kendte m\u00e6rker. Velkommen!","breadcrumb":{"@id":"https:\/\/promsandweddings.se\/produkt\/mandy-rebecca-ingram-brudklanning\/#breadcrumb"},"inLanguage":"da-DK","potentialAction":[{"@type":"ReadAction","target":["https:\/\/promsandweddings.se\/produkt\/mandy-rebecca-ingram-brudklanning\/"]}]},{"@type":"ImageObject","inLanguage":"da-DK","@id":"https:\/\/promsandweddings.se\/produkt\/mandy-rebecca-ingram-brudklanning\/#primaryimage","url":"https:\/\/promsandweddings.se\/wp-content\/uploads\/2026\/03\/Large-Rebecca-Ingram-Mandy-9RW804-Back.webp","contentUrl":"https:\/\/promsandweddings.se\/wp-content\/uploads\/2026\/03\/Large-Rebecca-Ingram-Mandy-9RW804-Back.webp","width":768,"height":1024},{"@type":"BreadcrumbList","@id":"https:\/\/promsandweddings.se\/produkt\/mandy-rebecca-ingram-brudklanning\/#breadcrumb","itemListElement":[{"@type":"ListItem","position":1,"name":"Home","item":"https:\/\/promsandweddings.se\/"},{"@type":"ListItem","position":2,"name":"Webshop","item":"https:\/\/promsandweddings.se\/webshop\/"},{"@type":"ListItem","position":3,"name":"Mandy Rebecca ingram brudkl\u00e4nning"}]},{"@type":"WebSite","@id":"https:\/\/promsandweddings.se\/#website","url":"https:\/\/promsandweddings.se\/","name":"Proms and Weddings","description":"Find din dr\u00f8mmekjole","publisher":{"@id":"https:\/\/promsandweddings.se\/#organization"},"alternateName":"Proms & Weddings","potentialAction":[{"@type":"SearchAction","target":{"@type":"EntryPoint","urlTemplate":"https:\/\/promsandweddings.se\/?s={search_term_string}"},"query-input":{"@type":"PropertyValueSpecification","valueRequired":true,"valueName":"search_term_string"}}],"inLanguage":"da-DK"},{"@type":"Organization","@id":"https:\/\/promsandweddings.se\/#organization","name":"Proms &amp; Weddings","url":"https:\/\/promsandweddings.se\/","logo":{"@type":"ImageObject","inLanguage":"da-DK","@id":"https:\/\/promsandweddings.se\/#\/schema\/logo\/image\/","url":"https:\/\/promsandweddings.se\/wp-content\/uploads\/2026\/03\/pwlogosv-2-2.webp","contentUrl":"https:\/\/promsandweddings.se\/wp-content\/uploads\/2026\/03\/pwlogosv-2-2.webp","width":556,"height":152,"caption":"Proms & Weddings"},"image":{"@id":"https:\/\/promsandweddings.se\/#\/schema\/logo\/image\/"},"sameAs":["https:\/\/www.facebook.com\/promsandweddings","https:\/\/x.com\/PromsWeddings","https:\/\/www.instagram.com\/promsandweddings\/","https:\/\/www.youtube.com\/@promsandweddings\/shorts","https:\/\/www.tiktok.com\/@promsandweddings","https:\/\/se.pinterest.com\/promsandwedding"]}]}},"jetpack_sharing_enabled":true,"brands":[],"_links":{"self":[{"href":"https:\/\/promsandweddings.se\/dk\/wp-json\/wp\/v2\/product\/4270","targetHints":{"allow":["GET"]}}],"collection":[{"href":"https:\/\/promsandweddings.se\/dk\/wp-json\/wp\/v2\/product"}],"about":[{"href":"https:\/\/promsandweddings.se\/dk\/wp-json\/wp\/v2\/types\/product"}],"wp:featuredmedia":[{"embeddable":true,"href":"https:\/\/promsandweddings.se\/dk\/wp-json\/wp\/v2\/media\/4811"}],"wp:attachment":[{"href":"https:\/\/promsandweddings.se\/dk\/wp-json\/wp\/v2\/media?parent=4270"}],"wp:term":[{"taxonomy":"pwb-brand","embeddable":true,"href":"https:\/\/promsandweddings.se\/dk\/wp-json\/wp\/v2\/pwb-brand?post=4270"},{"taxonomy":"product_brand","embeddable":true,"href":"https:\/\/promsandweddings.se\/dk\/wp-json\/wp\/v2\/product_brand?post=4270"},{"taxonomy":"product_cat","embeddable":true,"href":"https:\/\/promsandweddings.se\/dk\/wp-json\/wp\/v2\/product_cat?post=4270"},{"taxonomy":"product_tag","embeddable":true,"href":"https:\/\/promsandweddings.se\/dk\/wp-json\/wp\/v2\/product_tag?post=4270"}],"curies":[{"name":"wp","href":"https:\/\/api.w.org\/{rel}","templated":true}]}}