{"id":4407,"date":"2026-03-06T08:23:52","date_gmt":"2026-03-06T07:23:52","guid":{"rendered":"http:\/\/localhost:8888\/proms2026\/?post_type=product&#038;p=4407"},"modified":"2026-03-06T10:33:50","modified_gmt":"2026-03-06T09:33:50","slug":"dolma-aire-barcelona-brollopsklanning","status":"publish","type":"product","link":"https:\/\/promsandweddings.se\/dk\/produkt\/dolma-aire-barcelona-brollopsklanning\/","title":{"rendered":"Dolma Aire barcelona bryllupskjole"},"content":{"rendered":"<h3><\/h3>\n<p>&nbsp;<\/p>","protected":false},"excerpt":{"rendered":"<p><strong>Dolma<\/strong>\u00a0er en brudekjole fra\u00a0<strong><span class=\"hover:entity-accent entity-underline inline cursor-pointer align-baseline\"><span class=\"whitespace-normal\">Aire Barcelona<\/span><\/span>.<\/strong><br data-start=\"80\" data-end=\"83\" \/>En elegant og bl\u00f8d bryllupskjole med formgivende silhuet og romantiske detaljer, der skaber et let og harmonisk udtryk. Dolma virker feminin og tidl\u00f8s \u2013 perfekt til bruden, der \u00f8nsker klassisk elegance med moderne lethed.<\/p>\n<div class=\"product attribute overview\"><\/div>\n<div class=\"product attribute overview\">\n<h2 class=\"value\"><b style=\"font-size: 16px; font-style: italic;\">(K<\/b><i style=\"font-size: 16px;\"><b>ontakt os for sp\u00f8rgsm\u00e5l vedr\u00f8rende priser, booking osv.)<\/b><\/i><\/h2>\n<\/div>","protected":false},"featured_media":5151,"template":"","meta":[],"pwb-brand":[],"product_brand":[],"product_cat":[181,16,17],"product_tag":[167,25,22],"class_list":{"0":"post-4407","1":"product","2":"type-product","3":"status-publish","4":"has-post-thumbnail","6":"product_cat-aire-barcelona","7":"product_cat-klanningar","8":"product_cat-brudklanningar","9":"product_tag-brollop","10":"product_tag-brollopsklanning","11":"product_tag-brudklanning","13":"first","14":"instock","15":"shipping-taxable","16":"product-type-simple"},"yoast_head":"<!-- This site is optimized with the Yoast SEO plugin v27.5 - https:\/\/yoast.com\/product\/yoast-seo-wordpress\/ -->\n<title>Dolma Aire barcelona br\u00f6llopskl\u00e4nning br\u00f6llopskl\u00e4nning Aire Barcelona |\u00a0Proms and Weddings \u00ae<\/title>\n<meta name=\"description\" content=\"Dolma Aire barcelona br\u00f6llopskl\u00e4nning br\u00f6llopskl\u00e4nning. K\u00f6p vackra fest- och br\u00f6llopskl\u00e4der online hos Proms and Weddings. \u2713 Stort sortiment. \u2713 K\u00e4nda varum\u00e4rken. V\u00e4lkommen!\" \/>\n<meta name=\"robots\" content=\"index, follow, max-snippet:-1, max-image-preview:large, max-video-preview:-1\" \/>\n<link rel=\"canonical\" href=\"https:\/\/promsandweddings.se\/dk\/vare\/dolma-aire-barcelona-brollopsklanning\/\" \/>\n<meta property=\"og:locale\" content=\"da_DK\" \/>\n<meta property=\"og:type\" content=\"article\" \/>\n<meta property=\"og:title\" content=\"Dolma Aire barcelona br\u00f6llopskl\u00e4nning br\u00f6llopskl\u00e4nning Aire Barcelona |\u00a0Proms and Weddings \u00ae\" \/>\n<meta property=\"og:description\" content=\"Dolma Aire barcelona br\u00f6llopskl\u00e4nning br\u00f6llopskl\u00e4nning. K\u00f6p vackra fest- och br\u00f6llopskl\u00e4der online hos Proms and Weddings. \u2713 Stort sortiment. \u2713 K\u00e4nda varum\u00e4rken. V\u00e4lkommen!\" \/>\n<meta property=\"og:url\" content=\"https:\/\/promsandweddings.se\/dk\/vare\/dolma-aire-barcelona-brollopsklanning\/\" \/>\n<meta property=\"og:site_name\" content=\"Proms and Weddings\" \/>\n<meta property=\"article:publisher\" content=\"https:\/\/www.facebook.com\/promsandweddings\" \/>\n<meta property=\"article:modified_time\" content=\"2026-03-06T09:33:50+00:00\" \/>\n<meta property=\"og:image\" content=\"https:\/\/promsandweddings.se\/wp-content\/uploads\/2026\/03\/9N52_DOLMA_ADRIANA_ALIER_3-1.jpg\" \/>\n\t<meta property=\"og:image:width\" content=\"1536\" \/>\n\t<meta property=\"og:image:height\" content=\"1920\" \/>\n\t<meta property=\"og:image:type\" content=\"image\/jpeg\" \/>\n<meta name=\"twitter:card\" content=\"summary_large_image\" \/>\n<meta name=\"twitter:site\" content=\"@PromsWeddings\" \/>\n<meta name=\"twitter:label1\" content=\"Estimeret l\u00e6setid\" \/>\n\t<meta name=\"twitter:data1\" content=\"1 minut\" \/>\n<script type=\"application\/ld+json\" class=\"yoast-schema-graph\">{\"@context\":\"https:\\\/\\\/schema.org\",\"@graph\":[{\"@type\":\"WebPage\",\"@id\":\"https:\\\/\\\/promsandweddings.se\\\/produkt\\\/dolma-aire-barcelona-brollopsklanning\\\/\",\"url\":\"https:\\\/\\\/promsandweddings.se\\\/produkt\\\/dolma-aire-barcelona-brollopsklanning\\\/\",\"name\":\"Dolma Aire barcelona br\u00f6llopskl\u00e4nning br\u00f6llopskl\u00e4nning Aire Barcelona |\u00a0Proms and Weddings \u00ae\",\"isPartOf\":{\"@id\":\"https:\\\/\\\/promsandweddings.se\\\/#website\"},\"primaryImageOfPage\":{\"@id\":\"https:\\\/\\\/promsandweddings.se\\\/produkt\\\/dolma-aire-barcelona-brollopsklanning\\\/#primaryimage\"},\"image\":{\"@id\":\"https:\\\/\\\/promsandweddings.se\\\/produkt\\\/dolma-aire-barcelona-brollopsklanning\\\/#primaryimage\"},\"thumbnailUrl\":\"https:\\\/\\\/promsandweddings.se\\\/wp-content\\\/uploads\\\/2026\\\/03\\\/9N52_DOLMA_ADRIANA_ALIER_3-1.jpg\",\"datePublished\":\"2026-03-06T07:23:52+00:00\",\"dateModified\":\"2026-03-06T09:33:50+00:00\",\"description\":\"Dolma Aire barcelona br\u00f6llopskl\u00e4nning br\u00f6llopskl\u00e4nning. K\u00f6p vackra fest- och br\u00f6llopskl\u00e4der online hos Proms and Weddings. \u2713 Stort sortiment. \u2713 K\u00e4nda varum\u00e4rken. V\u00e4lkommen!\",\"breadcrumb\":{\"@id\":\"https:\\\/\\\/promsandweddings.se\\\/produkt\\\/dolma-aire-barcelona-brollopsklanning\\\/#breadcrumb\"},\"inLanguage\":\"da-DK\",\"potentialAction\":[{\"@type\":\"ReadAction\",\"target\":[\"https:\\\/\\\/promsandweddings.se\\\/produkt\\\/dolma-aire-barcelona-brollopsklanning\\\/\"]}]},{\"@type\":\"ImageObject\",\"inLanguage\":\"da-DK\",\"@id\":\"https:\\\/\\\/promsandweddings.se\\\/produkt\\\/dolma-aire-barcelona-brollopsklanning\\\/#primaryimage\",\"url\":\"https:\\\/\\\/promsandweddings.se\\\/wp-content\\\/uploads\\\/2026\\\/03\\\/9N52_DOLMA_ADRIANA_ALIER_3-1.jpg\",\"contentUrl\":\"https:\\\/\\\/promsandweddings.se\\\/wp-content\\\/uploads\\\/2026\\\/03\\\/9N52_DOLMA_ADRIANA_ALIER_3-1.jpg\",\"width\":1536,\"height\":1920},{\"@type\":\"BreadcrumbList\",\"@id\":\"https:\\\/\\\/promsandweddings.se\\\/produkt\\\/dolma-aire-barcelona-brollopsklanning\\\/#breadcrumb\",\"itemListElement\":[{\"@type\":\"ListItem\",\"position\":1,\"name\":\"Home\",\"item\":\"https:\\\/\\\/promsandweddings.se\\\/\"},{\"@type\":\"ListItem\",\"position\":2,\"name\":\"Webshop\",\"item\":\"https:\\\/\\\/promsandweddings.se\\\/webshop\\\/\"},{\"@type\":\"ListItem\",\"position\":3,\"name\":\"Dolma Aire barcelona br\u00f6llopskl\u00e4nning\"}]},{\"@type\":\"WebSite\",\"@id\":\"https:\\\/\\\/promsandweddings.se\\\/#website\",\"url\":\"https:\\\/\\\/promsandweddings.se\\\/\",\"name\":\"Proms and Weddings\",\"description\":\"Hitta din dr\u00f6mkl\u00e4nning\",\"publisher\":{\"@id\":\"https:\\\/\\\/promsandweddings.se\\\/#organization\"},\"alternateName\":\"Proms & Weddings\",\"potentialAction\":[{\"@type\":\"SearchAction\",\"target\":{\"@type\":\"EntryPoint\",\"urlTemplate\":\"https:\\\/\\\/promsandweddings.se\\\/?s={search_term_string}\"},\"query-input\":{\"@type\":\"PropertyValueSpecification\",\"valueRequired\":true,\"valueName\":\"search_term_string\"}}],\"inLanguage\":\"da-DK\"},{\"@type\":\"Organization\",\"@id\":\"https:\\\/\\\/promsandweddings.se\\\/#organization\",\"name\":\"Proms & Weddings\",\"url\":\"https:\\\/\\\/promsandweddings.se\\\/\",\"logo\":{\"@type\":\"ImageObject\",\"inLanguage\":\"da-DK\",\"@id\":\"https:\\\/\\\/promsandweddings.se\\\/#\\\/schema\\\/logo\\\/image\\\/\",\"url\":\"https:\\\/\\\/promsandweddings.se\\\/wp-content\\\/uploads\\\/2026\\\/03\\\/pwlogosv-2-2.webp\",\"contentUrl\":\"https:\\\/\\\/promsandweddings.se\\\/wp-content\\\/uploads\\\/2026\\\/03\\\/pwlogosv-2-2.webp\",\"width\":556,\"height\":152,\"caption\":\"Proms & Weddings\"},\"image\":{\"@id\":\"https:\\\/\\\/promsandweddings.se\\\/#\\\/schema\\\/logo\\\/image\\\/\"},\"sameAs\":[\"https:\\\/\\\/www.facebook.com\\\/promsandweddings\",\"https:\\\/\\\/x.com\\\/PromsWeddings\",\"https:\\\/\\\/www.instagram.com\\\/promsandweddings\\\/\",\"https:\\\/\\\/www.youtube.com\\\/@promsandweddings\\\/shorts\",\"https:\\\/\\\/www.tiktok.com\\\/@promsandweddings\",\"https:\\\/\\\/se.pinterest.com\\\/promsandwedding\"]}]}<\/script>\n<!-- \/ Yoast SEO plugin. -->","yoast_head_json":{"title":"Dolma Aire barcelona bryllupskjole bryllupskjole Aire Barcelona | Proms and Weddings \u00ae","description":"Dolma Aire barcelona bryllupskjole bryllupskjole. K\u00f8b smukke fest- og bryllupskjoler online hos Proms and Weddings. \u2713 Stort sortiment. \u2713 Kendte m\u00e6rker. Velkommen!","robots":{"index":"index","follow":"follow","max-snippet":"max-snippet:-1","max-image-preview":"max-image-preview:large","max-video-preview":"max-video-preview:-1"},"canonical":"https:\/\/promsandweddings.se\/dk\/vare\/dolma-aire-barcelona-brollopsklanning\/","og_locale":"da_DK","og_type":"article","og_title":"Dolma Aire barcelona br\u00f6llopskl\u00e4nning br\u00f6llopskl\u00e4nning Aire Barcelona |\u00a0Proms and Weddings \u00ae","og_description":"Dolma Aire barcelona br\u00f6llopskl\u00e4nning br\u00f6llopskl\u00e4nning. K\u00f6p vackra fest- och br\u00f6llopskl\u00e4der online hos Proms and Weddings. \u2713 Stort sortiment. \u2713 K\u00e4nda varum\u00e4rken. V\u00e4lkommen!","og_url":"https:\/\/promsandweddings.se\/dk\/vare\/dolma-aire-barcelona-brollopsklanning\/","og_site_name":"Proms and Weddings","article_publisher":"https:\/\/www.facebook.com\/promsandweddings","article_modified_time":"2026-03-06T09:33:50+00:00","og_image":[{"width":1536,"height":1920,"url":"https:\/\/promsandweddings.se\/wp-content\/uploads\/2026\/03\/9N52_DOLMA_ADRIANA_ALIER_3-1.jpg","type":"image\/jpeg"}],"twitter_card":"summary_large_image","twitter_site":"@PromsWeddings","twitter_misc":{"Estimeret l\u00e6setid":"1 minut"},"schema":{"@context":"https:\/\/schema.org","@graph":[{"@type":"WebPage","@id":"https:\/\/promsandweddings.se\/produkt\/dolma-aire-barcelona-brollopsklanning\/","url":"https:\/\/promsandweddings.se\/produkt\/dolma-aire-barcelona-brollopsklanning\/","name":"Dolma Aire barcelona bryllupskjole bryllupskjole Aire Barcelona | Proms and Weddings \u00ae","isPartOf":{"@id":"https:\/\/promsandweddings.se\/#website"},"primaryImageOfPage":{"@id":"https:\/\/promsandweddings.se\/produkt\/dolma-aire-barcelona-brollopsklanning\/#primaryimage"},"image":{"@id":"https:\/\/promsandweddings.se\/produkt\/dolma-aire-barcelona-brollopsklanning\/#primaryimage"},"thumbnailUrl":"https:\/\/promsandweddings.se\/wp-content\/uploads\/2026\/03\/9N52_DOLMA_ADRIANA_ALIER_3-1.jpg","datePublished":"2026-03-06T07:23:52+00:00","dateModified":"2026-03-06T09:33:50+00:00","description":"Dolma Aire barcelona bryllupskjole bryllupskjole. K\u00f8b smukke fest- og bryllupskjoler online hos Proms and Weddings. \u2713 Stort sortiment. \u2713 Kendte m\u00e6rker. Velkommen!","breadcrumb":{"@id":"https:\/\/promsandweddings.se\/produkt\/dolma-aire-barcelona-brollopsklanning\/#breadcrumb"},"inLanguage":"da-DK","potentialAction":[{"@type":"ReadAction","target":["https:\/\/promsandweddings.se\/produkt\/dolma-aire-barcelona-brollopsklanning\/"]}]},{"@type":"ImageObject","inLanguage":"da-DK","@id":"https:\/\/promsandweddings.se\/produkt\/dolma-aire-barcelona-brollopsklanning\/#primaryimage","url":"https:\/\/promsandweddings.se\/wp-content\/uploads\/2026\/03\/9N52_DOLMA_ADRIANA_ALIER_3-1.jpg","contentUrl":"https:\/\/promsandweddings.se\/wp-content\/uploads\/2026\/03\/9N52_DOLMA_ADRIANA_ALIER_3-1.jpg","width":1536,"height":1920},{"@type":"BreadcrumbList","@id":"https:\/\/promsandweddings.se\/produkt\/dolma-aire-barcelona-brollopsklanning\/#breadcrumb","itemListElement":[{"@type":"ListItem","position":1,"name":"Home","item":"https:\/\/promsandweddings.se\/"},{"@type":"ListItem","position":2,"name":"Webshop","item":"https:\/\/promsandweddings.se\/webshop\/"},{"@type":"ListItem","position":3,"name":"Dolma Aire barcelona br\u00f6llopskl\u00e4nning"}]},{"@type":"WebSite","@id":"https:\/\/promsandweddings.se\/#website","url":"https:\/\/promsandweddings.se\/","name":"Proms and Weddings","description":"Find din dr\u00f8mmekjole","publisher":{"@id":"https:\/\/promsandweddings.se\/#organization"},"alternateName":"Proms & Weddings","potentialAction":[{"@type":"SearchAction","target":{"@type":"EntryPoint","urlTemplate":"https:\/\/promsandweddings.se\/?s={search_term_string}"},"query-input":{"@type":"PropertyValueSpecification","valueRequired":true,"valueName":"search_term_string"}}],"inLanguage":"da-DK"},{"@type":"Organization","@id":"https:\/\/promsandweddings.se\/#organization","name":"Proms &amp; Weddings","url":"https:\/\/promsandweddings.se\/","logo":{"@type":"ImageObject","inLanguage":"da-DK","@id":"https:\/\/promsandweddings.se\/#\/schema\/logo\/image\/","url":"https:\/\/promsandweddings.se\/wp-content\/uploads\/2026\/03\/pwlogosv-2-2.webp","contentUrl":"https:\/\/promsandweddings.se\/wp-content\/uploads\/2026\/03\/pwlogosv-2-2.webp","width":556,"height":152,"caption":"Proms & Weddings"},"image":{"@id":"https:\/\/promsandweddings.se\/#\/schema\/logo\/image\/"},"sameAs":["https:\/\/www.facebook.com\/promsandweddings","https:\/\/x.com\/PromsWeddings","https:\/\/www.instagram.com\/promsandweddings\/","https:\/\/www.youtube.com\/@promsandweddings\/shorts","https:\/\/www.tiktok.com\/@promsandweddings","https:\/\/se.pinterest.com\/promsandwedding"]}]}},"jetpack_sharing_enabled":true,"brands":[],"_links":{"self":[{"href":"https:\/\/promsandweddings.se\/dk\/wp-json\/wp\/v2\/product\/4407","targetHints":{"allow":["GET"]}}],"collection":[{"href":"https:\/\/promsandweddings.se\/dk\/wp-json\/wp\/v2\/product"}],"about":[{"href":"https:\/\/promsandweddings.se\/dk\/wp-json\/wp\/v2\/types\/product"}],"wp:featuredmedia":[{"embeddable":true,"href":"https:\/\/promsandweddings.se\/dk\/wp-json\/wp\/v2\/media\/5151"}],"wp:attachment":[{"href":"https:\/\/promsandweddings.se\/dk\/wp-json\/wp\/v2\/media?parent=4407"}],"wp:term":[{"taxonomy":"pwb-brand","embeddable":true,"href":"https:\/\/promsandweddings.se\/dk\/wp-json\/wp\/v2\/pwb-brand?post=4407"},{"taxonomy":"product_brand","embeddable":true,"href":"https:\/\/promsandweddings.se\/dk\/wp-json\/wp\/v2\/product_brand?post=4407"},{"taxonomy":"product_cat","embeddable":true,"href":"https:\/\/promsandweddings.se\/dk\/wp-json\/wp\/v2\/product_cat?post=4407"},{"taxonomy":"product_tag","embeddable":true,"href":"https:\/\/promsandweddings.se\/dk\/wp-json\/wp\/v2\/product_tag?post=4407"}],"curies":[{"name":"wp","href":"https:\/\/api.w.org\/{rel}","templated":true}]}}