{"id":4411,"date":"2026-03-06T08:36:18","date_gmt":"2026-03-06T07:36:18","guid":{"rendered":"http:\/\/localhost:8888\/proms2026\/?post_type=product&#038;p=4411"},"modified":"2026-03-06T10:34:19","modified_gmt":"2026-03-06T09:34:19","slug":"pronovias-brollopsklanning-morissette","status":"publish","type":"product","link":"https:\/\/promsandweddings.se\/dk\/produkt\/pronovias-brollopsklanning-morissette\/","title":{"rendered":"Pronovias bryllupskjole Morissette"},"content":{"rendered":"<p><span style=\"font-size: 19px;\">\u00a0brudekjole <a href=\"https:\/\/www.pronovias.com\/\">Pronovias<\/a><\/span><\/p>\n<p>Bryllupskjole fra <a href=\"https:\/\/www.pronovias.com\/wedding-dress-mermaid-sweetheart-neckline-exposed-back-crepe-izara\">Pronovias<\/a> som du kan pr\u00f8ve i vores butik i Malm\u00f8<\/p>\n<p><a href=\"https:\/\/promsandweddings.se\/dk\/vare-kategori\/klanningar\/brudklanningar\/pronovias\/\">https:\/\/www.promsandweddings.se\/produkt-kategori\/klanningar\/brudklanningar\/pronovias<\/a><\/p>\n<p>&nbsp;<\/p>","protected":false},"excerpt":{"rendered":"<p><strong> Morissette<\/strong>\u00a0er en bryllupskjole fra kollektionen\u00a0<em data-start=\"54\" data-end=\"70\">Pronovias 2025<\/em>\u00a0fra<strong>\u00a0<span class=\"hover:entity-accent entity-underline inline cursor-pointer align-baseline\"><span class=\"whitespace-normal\">Pronovias<\/span><\/span>.<\/strong><br data-start=\"118\" data-end=\"121\" \/>En elegant og sofistikeret bryllupskjole med bl\u00f8d silhuet og velovervejet detaljer, der skaber et eksklusivt, tidl\u00f8st udtryk. Morissette virker feminin og balanceret \u2013 perfekt til bruden, der \u00f8nsker klassisk elegance med moderne f\u00f8lelse.<\/p>\n<div class=\"product attribute overview\">\n<div class=\"product attribute overview\">\n<p class=\"value\">\n<\/div>\n<h2 class=\"value\"><b style=\"font-size: 16px; font-style: italic;\">(K<\/b><i style=\"font-size: 16px;\">ontakt os for sp\u00f8rgsm\u00e5l vedr\u00f8rende priser, booking osv.)<\/i><\/h2>\n<\/div>\n<p>&nbsp;<\/p>","protected":false},"featured_media":5169,"template":"","meta":[],"pwb-brand":[],"product_brand":[],"product_cat":[16,23],"product_tag":[167,25,22,26],"class_list":{"0":"post-4411","1":"product","2":"type-product","3":"status-publish","4":"has-post-thumbnail","6":"product_cat-klanningar","7":"product_cat-pronovias","8":"product_tag-brollop","9":"product_tag-brollopsklanning","10":"product_tag-brudklanning","11":"product_tag-pronovias","13":"first","14":"instock","15":"shipping-taxable","16":"product-type-simple"},"yoast_head":"<!-- This site is optimized with the Yoast SEO plugin v27.5 - https:\/\/yoast.com\/product\/yoast-seo-wordpress\/ -->\n<title>Pronovias br\u00f6llopskl\u00e4nning Morissette | Proms and Weddings<\/title>\n<meta name=\"description\" content=\"Brudkl\u00e4nning fr\u00e5n Pronovias 2023.Vacker br\u00f6llopskl\u00e4nning med sprts sl\u00e4p, axelband \u00e4rmar och v-ringning.\" \/>\n<meta name=\"robots\" content=\"index, follow, max-snippet:-1, max-image-preview:large, max-video-preview:-1\" \/>\n<link rel=\"canonical\" href=\"https:\/\/promsandweddings.se\/dk\/vare\/pronovias-brollopsklanning-morissette\/\" \/>\n<meta property=\"og:locale\" content=\"da_DK\" \/>\n<meta property=\"og:type\" content=\"article\" \/>\n<meta property=\"og:title\" content=\"Pronovias br\u00f6llopskl\u00e4nning Morissette | Proms and Weddings\" \/>\n<meta property=\"og:description\" content=\"Brudkl\u00e4nning fr\u00e5n Pronovias 2023.Vacker br\u00f6llopskl\u00e4nning med sprts sl\u00e4p, axelband \u00e4rmar och v-ringning.\" \/>\n<meta property=\"og:url\" content=\"https:\/\/promsandweddings.se\/dk\/vare\/pronovias-brollopsklanning-morissette\/\" \/>\n<meta property=\"og:site_name\" content=\"Proms and Weddings\" \/>\n<meta property=\"article:publisher\" content=\"https:\/\/www.facebook.com\/promsandweddings\" \/>\n<meta property=\"article:modified_time\" content=\"2026-03-06T09:34:19+00:00\" \/>\n<meta property=\"og:image\" content=\"https:\/\/promsandweddings.se\/wp-content\/uploads\/2026\/03\/MORISSETTE-D-1-scaled-1.jpg\" \/>\n\t<meta property=\"og:image:width\" content=\"1810\" \/>\n\t<meta property=\"og:image:height\" content=\"2560\" \/>\n\t<meta property=\"og:image:type\" content=\"image\/jpeg\" \/>\n<meta name=\"twitter:card\" content=\"summary_large_image\" \/>\n<meta name=\"twitter:site\" content=\"@PromsWeddings\" \/>\n<meta name=\"twitter:label1\" content=\"Estimeret l\u00e6setid\" \/>\n\t<meta name=\"twitter:data1\" content=\"1 minut\" \/>\n<script type=\"application\/ld+json\" class=\"yoast-schema-graph\">{\"@context\":\"https:\\\/\\\/schema.org\",\"@graph\":[{\"@type\":\"WebPage\",\"@id\":\"https:\\\/\\\/promsandweddings.se\\\/produkt\\\/pronovias-brollopsklanning-morissette\\\/\",\"url\":\"https:\\\/\\\/promsandweddings.se\\\/produkt\\\/pronovias-brollopsklanning-morissette\\\/\",\"name\":\"Pronovias br\u00f6llopskl\u00e4nning Morissette | Proms and Weddings\",\"isPartOf\":{\"@id\":\"https:\\\/\\\/promsandweddings.se\\\/#website\"},\"primaryImageOfPage\":{\"@id\":\"https:\\\/\\\/promsandweddings.se\\\/produkt\\\/pronovias-brollopsklanning-morissette\\\/#primaryimage\"},\"image\":{\"@id\":\"https:\\\/\\\/promsandweddings.se\\\/produkt\\\/pronovias-brollopsklanning-morissette\\\/#primaryimage\"},\"thumbnailUrl\":\"https:\\\/\\\/promsandweddings.se\\\/wp-content\\\/uploads\\\/2026\\\/03\\\/MORISSETTE-D-1-scaled-1.jpg\",\"datePublished\":\"2026-03-06T07:36:18+00:00\",\"dateModified\":\"2026-03-06T09:34:19+00:00\",\"description\":\"Brudkl\u00e4nning fr\u00e5n Pronovias 2023.Vacker br\u00f6llopskl\u00e4nning med sprts sl\u00e4p, axelband \u00e4rmar och v-ringning.\",\"breadcrumb\":{\"@id\":\"https:\\\/\\\/promsandweddings.se\\\/produkt\\\/pronovias-brollopsklanning-morissette\\\/#breadcrumb\"},\"inLanguage\":\"da-DK\",\"potentialAction\":[{\"@type\":\"ReadAction\",\"target\":[\"https:\\\/\\\/promsandweddings.se\\\/produkt\\\/pronovias-brollopsklanning-morissette\\\/\"]}]},{\"@type\":\"ImageObject\",\"inLanguage\":\"da-DK\",\"@id\":\"https:\\\/\\\/promsandweddings.se\\\/produkt\\\/pronovias-brollopsklanning-morissette\\\/#primaryimage\",\"url\":\"https:\\\/\\\/promsandweddings.se\\\/wp-content\\\/uploads\\\/2026\\\/03\\\/MORISSETTE-D-1-scaled-1.jpg\",\"contentUrl\":\"https:\\\/\\\/promsandweddings.se\\\/wp-content\\\/uploads\\\/2026\\\/03\\\/MORISSETTE-D-1-scaled-1.jpg\",\"width\":1810,\"height\":2560},{\"@type\":\"BreadcrumbList\",\"@id\":\"https:\\\/\\\/promsandweddings.se\\\/produkt\\\/pronovias-brollopsklanning-morissette\\\/#breadcrumb\",\"itemListElement\":[{\"@type\":\"ListItem\",\"position\":1,\"name\":\"Home\",\"item\":\"https:\\\/\\\/promsandweddings.se\\\/\"},{\"@type\":\"ListItem\",\"position\":2,\"name\":\"Webshop\",\"item\":\"https:\\\/\\\/promsandweddings.se\\\/webshop\\\/\"},{\"@type\":\"ListItem\",\"position\":3,\"name\":\"Pronovias br\u00f6llopskl\u00e4nning Morissette\"}]},{\"@type\":\"WebSite\",\"@id\":\"https:\\\/\\\/promsandweddings.se\\\/#website\",\"url\":\"https:\\\/\\\/promsandweddings.se\\\/\",\"name\":\"Proms and Weddings\",\"description\":\"Hitta din dr\u00f6mkl\u00e4nning\",\"publisher\":{\"@id\":\"https:\\\/\\\/promsandweddings.se\\\/#organization\"},\"alternateName\":\"Proms & Weddings\",\"potentialAction\":[{\"@type\":\"SearchAction\",\"target\":{\"@type\":\"EntryPoint\",\"urlTemplate\":\"https:\\\/\\\/promsandweddings.se\\\/?s={search_term_string}\"},\"query-input\":{\"@type\":\"PropertyValueSpecification\",\"valueRequired\":true,\"valueName\":\"search_term_string\"}}],\"inLanguage\":\"da-DK\"},{\"@type\":\"Organization\",\"@id\":\"https:\\\/\\\/promsandweddings.se\\\/#organization\",\"name\":\"Proms & Weddings\",\"url\":\"https:\\\/\\\/promsandweddings.se\\\/\",\"logo\":{\"@type\":\"ImageObject\",\"inLanguage\":\"da-DK\",\"@id\":\"https:\\\/\\\/promsandweddings.se\\\/#\\\/schema\\\/logo\\\/image\\\/\",\"url\":\"https:\\\/\\\/promsandweddings.se\\\/wp-content\\\/uploads\\\/2026\\\/03\\\/pwlogosv-2-2.webp\",\"contentUrl\":\"https:\\\/\\\/promsandweddings.se\\\/wp-content\\\/uploads\\\/2026\\\/03\\\/pwlogosv-2-2.webp\",\"width\":556,\"height\":152,\"caption\":\"Proms & Weddings\"},\"image\":{\"@id\":\"https:\\\/\\\/promsandweddings.se\\\/#\\\/schema\\\/logo\\\/image\\\/\"},\"sameAs\":[\"https:\\\/\\\/www.facebook.com\\\/promsandweddings\",\"https:\\\/\\\/x.com\\\/PromsWeddings\",\"https:\\\/\\\/www.instagram.com\\\/promsandweddings\\\/\",\"https:\\\/\\\/www.youtube.com\\\/@promsandweddings\\\/shorts\",\"https:\\\/\\\/www.tiktok.com\\\/@promsandweddings\",\"https:\\\/\\\/se.pinterest.com\\\/promsandwedding\"]}]}<\/script>\n<!-- \/ Yoast SEO plugin. -->","yoast_head_json":{"title":"Pronovias bryllupskjole Morissette | Proms and Weddings","description":"Bryllupskjole fra Pronovias 2023. Smuk bryllupskjole med kort tog, skulderstropper og V-udsk\u00e6ring.","robots":{"index":"index","follow":"follow","max-snippet":"max-snippet:-1","max-image-preview":"max-image-preview:large","max-video-preview":"max-video-preview:-1"},"canonical":"https:\/\/promsandweddings.se\/dk\/vare\/pronovias-brollopsklanning-morissette\/","og_locale":"da_DK","og_type":"article","og_title":"Pronovias br\u00f6llopskl\u00e4nning Morissette | Proms and Weddings","og_description":"Brudkl\u00e4nning fr\u00e5n Pronovias 2023.Vacker br\u00f6llopskl\u00e4nning med sprts sl\u00e4p, axelband \u00e4rmar och v-ringning.","og_url":"https:\/\/promsandweddings.se\/dk\/vare\/pronovias-brollopsklanning-morissette\/","og_site_name":"Proms and Weddings","article_publisher":"https:\/\/www.facebook.com\/promsandweddings","article_modified_time":"2026-03-06T09:34:19+00:00","og_image":[{"width":1810,"height":2560,"url":"https:\/\/promsandweddings.se\/wp-content\/uploads\/2026\/03\/MORISSETTE-D-1-scaled-1.jpg","type":"image\/jpeg"}],"twitter_card":"summary_large_image","twitter_site":"@PromsWeddings","twitter_misc":{"Estimeret l\u00e6setid":"1 minut"},"schema":{"@context":"https:\/\/schema.org","@graph":[{"@type":"WebPage","@id":"https:\/\/promsandweddings.se\/produkt\/pronovias-brollopsklanning-morissette\/","url":"https:\/\/promsandweddings.se\/produkt\/pronovias-brollopsklanning-morissette\/","name":"Pronovias bryllupskjole Morissette | Proms and Weddings","isPartOf":{"@id":"https:\/\/promsandweddings.se\/#website"},"primaryImageOfPage":{"@id":"https:\/\/promsandweddings.se\/produkt\/pronovias-brollopsklanning-morissette\/#primaryimage"},"image":{"@id":"https:\/\/promsandweddings.se\/produkt\/pronovias-brollopsklanning-morissette\/#primaryimage"},"thumbnailUrl":"https:\/\/promsandweddings.se\/wp-content\/uploads\/2026\/03\/MORISSETTE-D-1-scaled-1.jpg","datePublished":"2026-03-06T07:36:18+00:00","dateModified":"2026-03-06T09:34:19+00:00","description":"Bryllupskjole fra Pronovias 2023. Smuk bryllupskjole med kort tog, skulderstropper og V-udsk\u00e6ring.","breadcrumb":{"@id":"https:\/\/promsandweddings.se\/produkt\/pronovias-brollopsklanning-morissette\/#breadcrumb"},"inLanguage":"da-DK","potentialAction":[{"@type":"ReadAction","target":["https:\/\/promsandweddings.se\/produkt\/pronovias-brollopsklanning-morissette\/"]}]},{"@type":"ImageObject","inLanguage":"da-DK","@id":"https:\/\/promsandweddings.se\/produkt\/pronovias-brollopsklanning-morissette\/#primaryimage","url":"https:\/\/promsandweddings.se\/wp-content\/uploads\/2026\/03\/MORISSETTE-D-1-scaled-1.jpg","contentUrl":"https:\/\/promsandweddings.se\/wp-content\/uploads\/2026\/03\/MORISSETTE-D-1-scaled-1.jpg","width":1810,"height":2560},{"@type":"BreadcrumbList","@id":"https:\/\/promsandweddings.se\/produkt\/pronovias-brollopsklanning-morissette\/#breadcrumb","itemListElement":[{"@type":"ListItem","position":1,"name":"Home","item":"https:\/\/promsandweddings.se\/"},{"@type":"ListItem","position":2,"name":"Webshop","item":"https:\/\/promsandweddings.se\/webshop\/"},{"@type":"ListItem","position":3,"name":"Pronovias br\u00f6llopskl\u00e4nning Morissette"}]},{"@type":"WebSite","@id":"https:\/\/promsandweddings.se\/#website","url":"https:\/\/promsandweddings.se\/","name":"Proms and Weddings","description":"Find din dr\u00f8mmekjole","publisher":{"@id":"https:\/\/promsandweddings.se\/#organization"},"alternateName":"Proms & Weddings","potentialAction":[{"@type":"SearchAction","target":{"@type":"EntryPoint","urlTemplate":"https:\/\/promsandweddings.se\/?s={search_term_string}"},"query-input":{"@type":"PropertyValueSpecification","valueRequired":true,"valueName":"search_term_string"}}],"inLanguage":"da-DK"},{"@type":"Organization","@id":"https:\/\/promsandweddings.se\/#organization","name":"Proms &amp; Weddings","url":"https:\/\/promsandweddings.se\/","logo":{"@type":"ImageObject","inLanguage":"da-DK","@id":"https:\/\/promsandweddings.se\/#\/schema\/logo\/image\/","url":"https:\/\/promsandweddings.se\/wp-content\/uploads\/2026\/03\/pwlogosv-2-2.webp","contentUrl":"https:\/\/promsandweddings.se\/wp-content\/uploads\/2026\/03\/pwlogosv-2-2.webp","width":556,"height":152,"caption":"Proms & Weddings"},"image":{"@id":"https:\/\/promsandweddings.se\/#\/schema\/logo\/image\/"},"sameAs":["https:\/\/www.facebook.com\/promsandweddings","https:\/\/x.com\/PromsWeddings","https:\/\/www.instagram.com\/promsandweddings\/","https:\/\/www.youtube.com\/@promsandweddings\/shorts","https:\/\/www.tiktok.com\/@promsandweddings","https:\/\/se.pinterest.com\/promsandwedding"]}]}},"jetpack_sharing_enabled":true,"brands":[],"_links":{"self":[{"href":"https:\/\/promsandweddings.se\/dk\/wp-json\/wp\/v2\/product\/4411","targetHints":{"allow":["GET"]}}],"collection":[{"href":"https:\/\/promsandweddings.se\/dk\/wp-json\/wp\/v2\/product"}],"about":[{"href":"https:\/\/promsandweddings.se\/dk\/wp-json\/wp\/v2\/types\/product"}],"wp:featuredmedia":[{"embeddable":true,"href":"https:\/\/promsandweddings.se\/dk\/wp-json\/wp\/v2\/media\/5169"}],"wp:attachment":[{"href":"https:\/\/promsandweddings.se\/dk\/wp-json\/wp\/v2\/media?parent=4411"}],"wp:term":[{"taxonomy":"pwb-brand","embeddable":true,"href":"https:\/\/promsandweddings.se\/dk\/wp-json\/wp\/v2\/pwb-brand?post=4411"},{"taxonomy":"product_brand","embeddable":true,"href":"https:\/\/promsandweddings.se\/dk\/wp-json\/wp\/v2\/product_brand?post=4411"},{"taxonomy":"product_cat","embeddable":true,"href":"https:\/\/promsandweddings.se\/dk\/wp-json\/wp\/v2\/product_cat?post=4411"},{"taxonomy":"product_tag","embeddable":true,"href":"https:\/\/promsandweddings.se\/dk\/wp-json\/wp\/v2\/product_tag?post=4411"}],"curies":[{"name":"wp","href":"https:\/\/api.w.org\/{rel}","templated":true}]}}