{"id":4432,"date":"2026-03-06T08:36:19","date_gmt":"2026-03-06T07:36:19","guid":{"rendered":"http:\/\/localhost:8888\/proms2026\/?post_type=product&#038;p=4432"},"modified":"2026-03-06T10:37:32","modified_gmt":"2026-03-06T09:37:32","slug":"brollopsklanning-demetrios-1266","status":"publish","type":"product","link":"https:\/\/promsandweddings.se\/dk\/produkt\/brollopsklanning-demetrios-1266\/","title":{"rendered":"Brudekjole Demetrios 1266"},"content":{"rendered":"","protected":false},"excerpt":{"rendered":"<p><strong data-start=\"0\" data-end=\"8\" data-is-only-node=\"\">1266<\/strong>\u00a0er en brudekjole fra\u00a0<strong data-start=\"37\" data-end=\"78\"><span class=\"hover:entity-accent entity-underline inline cursor-pointer align-baseline\"><span class=\"whitespace-normal\">Demetrios<\/span><\/span><\/strong>.<br data-start=\"79\" data-end=\"82\" \/>En elegant og udtryksfuld bryllupskjole med smuk silhuet og sofistikerede detaljer, der giver et luksuri\u00f8st og tidl\u00f8st udtryk. 1266 f\u00f8les b\u00e5de klassisk og glamor\u00f8s \u2013 perfekt for bruden, der gerne vil str\u00e5le med selvf\u00f8lgelig elegance.<br data-start=\"303\" data-end=\"306\" \/><br data-start=\"388\" data-end=\"391\" \/><em data-start=\"391\" data-end=\"448\" data-is-last-node=\"\">(Kontakt os for sp\u00f8rgsm\u00e5l vedr\u00f8rende priser, booking osv.)<\/em><\/p>","protected":false},"featured_media":5239,"template":"","meta":[],"pwb-brand":[],"product_brand":[],"product_cat":[52,16,17],"product_tag":[167,25,22],"class_list":{"0":"post-4432","1":"product","2":"type-product","3":"status-publish","4":"has-post-thumbnail","6":"product_cat-demetrios","7":"product_cat-klanningar","8":"product_cat-brudklanningar","9":"product_tag-brollop","10":"product_tag-brollopsklanning","11":"product_tag-brudklanning","13":"first","14":"instock","15":"shipping-taxable","16":"product-type-simple"},"yoast_head":"<!-- This site is optimized with the Yoast SEO plugin v27.5 - https:\/\/yoast.com\/product\/yoast-seo-wordpress\/ -->\n<title>Br\u00f6llopskl\u00e4nning Demetrios 1266 | Proms and Weddings<\/title>\n<meta name=\"description\" content=\"Uppt\u00e4ck Br\u00f6llopskl\u00e4nning Demetrios 1266 hos Proms &amp; Weddings i Malm\u00f6. Hitta din dr\u00f6mkl\u00e4nning bland exklusiva br\u00f6llopskl\u00e4nningar fr\u00e5n v\u00e4lk\u00e4nda designers.\" \/>\n<meta name=\"robots\" content=\"index, follow, max-snippet:-1, max-image-preview:large, max-video-preview:-1\" \/>\n<link rel=\"canonical\" href=\"https:\/\/promsandweddings.se\/dk\/vare\/brollopsklanning-demetrios-1266\/\" \/>\n<meta property=\"og:locale\" content=\"da_DK\" \/>\n<meta property=\"og:type\" content=\"article\" \/>\n<meta property=\"og:title\" content=\"Br\u00f6llopskl\u00e4nning Demetrios 1266 | Proms and Weddings\" \/>\n<meta property=\"og:description\" content=\"Uppt\u00e4ck Br\u00f6llopskl\u00e4nning Demetrios 1266 hos Proms &amp; Weddings i Malm\u00f6. Hitta din dr\u00f6mkl\u00e4nning bland exklusiva br\u00f6llopskl\u00e4nningar fr\u00e5n v\u00e4lk\u00e4nda designers.\" \/>\n<meta property=\"og:url\" content=\"https:\/\/promsandweddings.se\/dk\/vare\/brollopsklanning-demetrios-1266\/\" \/>\n<meta property=\"og:site_name\" content=\"Proms and Weddings\" \/>\n<meta property=\"article:publisher\" content=\"https:\/\/www.facebook.com\/promsandweddings\" \/>\n<meta property=\"article:modified_time\" content=\"2026-03-06T09:37:32+00:00\" \/>\n<meta property=\"og:image\" content=\"https:\/\/promsandweddings.se\/wp-content\/uploads\/2026\/03\/1266-2-1.webp\" \/>\n\t<meta property=\"og:image:width\" content=\"1440\" \/>\n\t<meta property=\"og:image:height\" content=\"1920\" \/>\n\t<meta property=\"og:image:type\" content=\"image\/webp\" \/>\n<meta name=\"twitter:card\" content=\"summary_large_image\" \/>\n<meta name=\"twitter:site\" content=\"@PromsWeddings\" \/>\n<script type=\"application\/ld+json\" class=\"yoast-schema-graph\">{\"@context\":\"https:\\\/\\\/schema.org\",\"@graph\":[{\"@type\":\"WebPage\",\"@id\":\"https:\\\/\\\/promsandweddings.se\\\/produkt\\\/brollopsklanning-demetrios-1266\\\/\",\"url\":\"https:\\\/\\\/promsandweddings.se\\\/produkt\\\/brollopsklanning-demetrios-1266\\\/\",\"name\":\"Br\u00f6llopskl\u00e4nning Demetrios 1266 | Proms and Weddings\",\"isPartOf\":{\"@id\":\"https:\\\/\\\/promsandweddings.se\\\/#website\"},\"primaryImageOfPage\":{\"@id\":\"https:\\\/\\\/promsandweddings.se\\\/produkt\\\/brollopsklanning-demetrios-1266\\\/#primaryimage\"},\"image\":{\"@id\":\"https:\\\/\\\/promsandweddings.se\\\/produkt\\\/brollopsklanning-demetrios-1266\\\/#primaryimage\"},\"thumbnailUrl\":\"https:\\\/\\\/promsandweddings.se\\\/wp-content\\\/uploads\\\/2026\\\/03\\\/1266-2-1.webp\",\"datePublished\":\"2026-03-06T07:36:19+00:00\",\"dateModified\":\"2026-03-06T09:37:32+00:00\",\"description\":\"Uppt\u00e4ck Br\u00f6llopskl\u00e4nning Demetrios 1266 hos Proms & Weddings i Malm\u00f6. Hitta din dr\u00f6mkl\u00e4nning bland exklusiva br\u00f6llopskl\u00e4nningar fr\u00e5n v\u00e4lk\u00e4nda designers.\",\"breadcrumb\":{\"@id\":\"https:\\\/\\\/promsandweddings.se\\\/produkt\\\/brollopsklanning-demetrios-1266\\\/#breadcrumb\"},\"inLanguage\":\"da-DK\",\"potentialAction\":[{\"@type\":\"ReadAction\",\"target\":[\"https:\\\/\\\/promsandweddings.se\\\/produkt\\\/brollopsklanning-demetrios-1266\\\/\"]}]},{\"@type\":\"ImageObject\",\"inLanguage\":\"da-DK\",\"@id\":\"https:\\\/\\\/promsandweddings.se\\\/produkt\\\/brollopsklanning-demetrios-1266\\\/#primaryimage\",\"url\":\"https:\\\/\\\/promsandweddings.se\\\/wp-content\\\/uploads\\\/2026\\\/03\\\/1266-2-1.webp\",\"contentUrl\":\"https:\\\/\\\/promsandweddings.se\\\/wp-content\\\/uploads\\\/2026\\\/03\\\/1266-2-1.webp\",\"width\":1440,\"height\":1920},{\"@type\":\"BreadcrumbList\",\"@id\":\"https:\\\/\\\/promsandweddings.se\\\/produkt\\\/brollopsklanning-demetrios-1266\\\/#breadcrumb\",\"itemListElement\":[{\"@type\":\"ListItem\",\"position\":1,\"name\":\"Home\",\"item\":\"https:\\\/\\\/promsandweddings.se\\\/\"},{\"@type\":\"ListItem\",\"position\":2,\"name\":\"Webshop\",\"item\":\"https:\\\/\\\/promsandweddings.se\\\/webshop\\\/\"},{\"@type\":\"ListItem\",\"position\":3,\"name\":\"Br\u00f6llopskl\u00e4nning Demetrios 1266\"}]},{\"@type\":\"WebSite\",\"@id\":\"https:\\\/\\\/promsandweddings.se\\\/#website\",\"url\":\"https:\\\/\\\/promsandweddings.se\\\/\",\"name\":\"Proms and Weddings\",\"description\":\"Hitta din dr\u00f6mkl\u00e4nning\",\"publisher\":{\"@id\":\"https:\\\/\\\/promsandweddings.se\\\/#organization\"},\"alternateName\":\"Proms & Weddings\",\"potentialAction\":[{\"@type\":\"SearchAction\",\"target\":{\"@type\":\"EntryPoint\",\"urlTemplate\":\"https:\\\/\\\/promsandweddings.se\\\/?s={search_term_string}\"},\"query-input\":{\"@type\":\"PropertyValueSpecification\",\"valueRequired\":true,\"valueName\":\"search_term_string\"}}],\"inLanguage\":\"da-DK\"},{\"@type\":\"Organization\",\"@id\":\"https:\\\/\\\/promsandweddings.se\\\/#organization\",\"name\":\"Proms & Weddings\",\"url\":\"https:\\\/\\\/promsandweddings.se\\\/\",\"logo\":{\"@type\":\"ImageObject\",\"inLanguage\":\"da-DK\",\"@id\":\"https:\\\/\\\/promsandweddings.se\\\/#\\\/schema\\\/logo\\\/image\\\/\",\"url\":\"https:\\\/\\\/promsandweddings.se\\\/wp-content\\\/uploads\\\/2026\\\/03\\\/pwlogosv-2-2.webp\",\"contentUrl\":\"https:\\\/\\\/promsandweddings.se\\\/wp-content\\\/uploads\\\/2026\\\/03\\\/pwlogosv-2-2.webp\",\"width\":556,\"height\":152,\"caption\":\"Proms & Weddings\"},\"image\":{\"@id\":\"https:\\\/\\\/promsandweddings.se\\\/#\\\/schema\\\/logo\\\/image\\\/\"},\"sameAs\":[\"https:\\\/\\\/www.facebook.com\\\/promsandweddings\",\"https:\\\/\\\/x.com\\\/PromsWeddings\",\"https:\\\/\\\/www.instagram.com\\\/promsandweddings\\\/\",\"https:\\\/\\\/www.youtube.com\\\/@promsandweddings\\\/shorts\",\"https:\\\/\\\/www.tiktok.com\\\/@promsandweddings\",\"https:\\\/\\\/se.pinterest.com\\\/promsandwedding\"]}]}<\/script>\n<!-- \/ Yoast SEO plugin. -->","yoast_head_json":{"title":"Brudekjole Demetrios 1266 | Proms and Weddings","description":"Opdag Brudekjole Demetrios 1266 hos Proms &amp; Weddings i Malm\u00f8. Find din dr\u00f8mmekjole blandt eksklusive brudekjoler fra kendte designere.","robots":{"index":"index","follow":"follow","max-snippet":"max-snippet:-1","max-image-preview":"max-image-preview:large","max-video-preview":"max-video-preview:-1"},"canonical":"https:\/\/promsandweddings.se\/dk\/vare\/brollopsklanning-demetrios-1266\/","og_locale":"da_DK","og_type":"article","og_title":"Br\u00f6llopskl\u00e4nning Demetrios 1266 | Proms and Weddings","og_description":"Uppt\u00e4ck Br\u00f6llopskl\u00e4nning Demetrios 1266 hos Proms & Weddings i Malm\u00f6. Hitta din dr\u00f6mkl\u00e4nning bland exklusiva br\u00f6llopskl\u00e4nningar fr\u00e5n v\u00e4lk\u00e4nda designers.","og_url":"https:\/\/promsandweddings.se\/dk\/vare\/brollopsklanning-demetrios-1266\/","og_site_name":"Proms and Weddings","article_publisher":"https:\/\/www.facebook.com\/promsandweddings","article_modified_time":"2026-03-06T09:37:32+00:00","og_image":[{"width":1440,"height":1920,"url":"https:\/\/promsandweddings.se\/wp-content\/uploads\/2026\/03\/1266-2-1.webp","type":"image\/webp"}],"twitter_card":"summary_large_image","twitter_site":"@PromsWeddings","schema":{"@context":"https:\/\/schema.org","@graph":[{"@type":"WebPage","@id":"https:\/\/promsandweddings.se\/produkt\/brollopsklanning-demetrios-1266\/","url":"https:\/\/promsandweddings.se\/produkt\/brollopsklanning-demetrios-1266\/","name":"Brudekjole Demetrios 1266 | Proms and Weddings","isPartOf":{"@id":"https:\/\/promsandweddings.se\/#website"},"primaryImageOfPage":{"@id":"https:\/\/promsandweddings.se\/produkt\/brollopsklanning-demetrios-1266\/#primaryimage"},"image":{"@id":"https:\/\/promsandweddings.se\/produkt\/brollopsklanning-demetrios-1266\/#primaryimage"},"thumbnailUrl":"https:\/\/promsandweddings.se\/wp-content\/uploads\/2026\/03\/1266-2-1.webp","datePublished":"2026-03-06T07:36:19+00:00","dateModified":"2026-03-06T09:37:32+00:00","description":"Opdag Brudekjole Demetrios 1266 hos Proms &amp; Weddings i Malm\u00f8. Find din dr\u00f8mmekjole blandt eksklusive brudekjoler fra kendte designere.","breadcrumb":{"@id":"https:\/\/promsandweddings.se\/produkt\/brollopsklanning-demetrios-1266\/#breadcrumb"},"inLanguage":"da-DK","potentialAction":[{"@type":"ReadAction","target":["https:\/\/promsandweddings.se\/produkt\/brollopsklanning-demetrios-1266\/"]}]},{"@type":"ImageObject","inLanguage":"da-DK","@id":"https:\/\/promsandweddings.se\/produkt\/brollopsklanning-demetrios-1266\/#primaryimage","url":"https:\/\/promsandweddings.se\/wp-content\/uploads\/2026\/03\/1266-2-1.webp","contentUrl":"https:\/\/promsandweddings.se\/wp-content\/uploads\/2026\/03\/1266-2-1.webp","width":1440,"height":1920},{"@type":"BreadcrumbList","@id":"https:\/\/promsandweddings.se\/produkt\/brollopsklanning-demetrios-1266\/#breadcrumb","itemListElement":[{"@type":"ListItem","position":1,"name":"Home","item":"https:\/\/promsandweddings.se\/"},{"@type":"ListItem","position":2,"name":"Webshop","item":"https:\/\/promsandweddings.se\/webshop\/"},{"@type":"ListItem","position":3,"name":"Br\u00f6llopskl\u00e4nning Demetrios 1266"}]},{"@type":"WebSite","@id":"https:\/\/promsandweddings.se\/#website","url":"https:\/\/promsandweddings.se\/","name":"Proms and Weddings","description":"Find din dr\u00f8mmekjole","publisher":{"@id":"https:\/\/promsandweddings.se\/#organization"},"alternateName":"Proms & Weddings","potentialAction":[{"@type":"SearchAction","target":{"@type":"EntryPoint","urlTemplate":"https:\/\/promsandweddings.se\/?s={search_term_string}"},"query-input":{"@type":"PropertyValueSpecification","valueRequired":true,"valueName":"search_term_string"}}],"inLanguage":"da-DK"},{"@type":"Organization","@id":"https:\/\/promsandweddings.se\/#organization","name":"Proms &amp; Weddings","url":"https:\/\/promsandweddings.se\/","logo":{"@type":"ImageObject","inLanguage":"da-DK","@id":"https:\/\/promsandweddings.se\/#\/schema\/logo\/image\/","url":"https:\/\/promsandweddings.se\/wp-content\/uploads\/2026\/03\/pwlogosv-2-2.webp","contentUrl":"https:\/\/promsandweddings.se\/wp-content\/uploads\/2026\/03\/pwlogosv-2-2.webp","width":556,"height":152,"caption":"Proms & Weddings"},"image":{"@id":"https:\/\/promsandweddings.se\/#\/schema\/logo\/image\/"},"sameAs":["https:\/\/www.facebook.com\/promsandweddings","https:\/\/x.com\/PromsWeddings","https:\/\/www.instagram.com\/promsandweddings\/","https:\/\/www.youtube.com\/@promsandweddings\/shorts","https:\/\/www.tiktok.com\/@promsandweddings","https:\/\/se.pinterest.com\/promsandwedding"]}]}},"jetpack_sharing_enabled":true,"brands":[],"_links":{"self":[{"href":"https:\/\/promsandweddings.se\/dk\/wp-json\/wp\/v2\/product\/4432","targetHints":{"allow":["GET"]}}],"collection":[{"href":"https:\/\/promsandweddings.se\/dk\/wp-json\/wp\/v2\/product"}],"about":[{"href":"https:\/\/promsandweddings.se\/dk\/wp-json\/wp\/v2\/types\/product"}],"wp:featuredmedia":[{"embeddable":true,"href":"https:\/\/promsandweddings.se\/dk\/wp-json\/wp\/v2\/media\/5239"}],"wp:attachment":[{"href":"https:\/\/promsandweddings.se\/dk\/wp-json\/wp\/v2\/media?parent=4432"}],"wp:term":[{"taxonomy":"pwb-brand","embeddable":true,"href":"https:\/\/promsandweddings.se\/dk\/wp-json\/wp\/v2\/pwb-brand?post=4432"},{"taxonomy":"product_brand","embeddable":true,"href":"https:\/\/promsandweddings.se\/dk\/wp-json\/wp\/v2\/product_brand?post=4432"},{"taxonomy":"product_cat","embeddable":true,"href":"https:\/\/promsandweddings.se\/dk\/wp-json\/wp\/v2\/product_cat?post=4432"},{"taxonomy":"product_tag","embeddable":true,"href":"https:\/\/promsandweddings.se\/dk\/wp-json\/wp\/v2\/product_tag?post=4432"}],"curies":[{"name":"wp","href":"https:\/\/api.w.org\/{rel}","templated":true}]}}