{"id":692,"date":"2026-03-05T22:36:46","date_gmt":"2026-03-05T21:36:46","guid":{"rendered":"http:\/\/localhost:8888\/proms2026\/?post_type=product&#038;p=692"},"modified":"2026-03-16T14:17:05","modified_gmt":"2026-03-16T13:17:05","slug":"demetrios-1150-brudklanning","status":"publish","type":"product","link":"https:\/\/promsandweddings.se\/dk\/produkt\/demetrios-1150-brudklanning\/","title":{"rendered":"Demetrios 1150 brudeselskapskjole"},"content":{"rendered":"<div class=\"woocommerce-product-attributes-item--attribute_pa_color\"><span class=\"w-post-elm-before\">FARVE: <\/span><span class=\"woocommerce-product-attributes-item__value\">Elfenben, elfenben\/n\u00f8gen, elfenben\/ren, elfenben\/ren\/n\u00f8gen, hvid<\/span><\/div>\n<div class=\"woocommerce-product-attributes-item--attribute_pa_fabric\"><span class=\"w-post-elm-before\">STOF: <\/span><span class=\"woocommerce-product-attributes-item__value\">Perlearbejde, blonder, organza, tyl<\/span><\/div>\n<div class=\"woocommerce-product-attributes-item--attribute_pa_neckline-sleeve\"><span class=\"w-post-elm-before\">HALSUDSK\u00c6RING\/\u00c6RME: <\/span><span class=\"woocommerce-product-attributes-item__value\">Spaghettirem, sweetheart<\/span><\/div>\n<div class=\"woocommerce-product-attributes-item--attribute_pa_silhouette\"><span class=\"w-post-elm-before\">SILHUET: <\/span><span class=\"woocommerce-product-attributes-item__value\">Udsvajret<\/span><\/div>\n<div class=\"woocommerce-product-attributes-item--attribute_pa_style\"><span class=\"w-post-elm-before\">STIL: <\/span><span class=\"woocommerce-product-attributes-item__value\">Glam<\/span><\/div>\n<div><a href=\"https:\/\/www.demetrios.com\/en\/dresses\/wedding-dresses\/demetrios-collection\/style-1150\">https:\/\/www.demetrios.com\/en\/dresses\/wedding-dresses\/demetrios-collection\/style-1150<\/a><\/div>\n<div><a href=\"https:\/\/promsandweddings.se\/dk\/vare-kategori\/klanningar\/brudklanningar\/\">https:\/\/www.promsandweddings.se\/produkt-kategori\/klanningar\/brudklanningar\/<\/a><\/div>","protected":false},"excerpt":{"rendered":"<p><strong>af DEMETRIOS 2021<\/strong><\/p>\n<p class=\"vc_custom_heading us_custom_3808eefa\">DP449 \u2013 CIRA<\/p>\n<div class=\"w-post-elm post_content us_custom_70facfb4\">Delikate perleb\u00e5nd fremh\u00e6ver den s\u00f8de hals i denne graci\u00f8se fit and flare-sk\u00f8nhed. Sl\u00e5ende Cira er prydet med dekadent perlekortege og har et spektakul\u00e6rt, lag-lagdelt Fishtail-tog.<\/div>\n<div><\/div>\n<div><strong><em>(Kontakt os for pris, booking og pr\u00f8vning af brudekjoler)<\/em><\/strong><\/div>\n<div><\/div>","protected":false},"featured_media":25842,"template":"","meta":[],"pwb-brand":[],"product_brand":[],"product_cat":[52,16,17],"product_tag":[44,25,22,53,54,55],"class_list":{"0":"post-692","1":"product","2":"type-product","3":"status-publish","4":"has-post-thumbnail","6":"product_cat-demetrios","7":"product_cat-klanningar","8":"product_cat-brudklanningar","9":"product_tag-44","10":"product_tag-brollopsklanning","11":"product_tag-brudklanning","12":"product_tag-demetrios","13":"product_tag-fit-n-flare","14":"product_tag-glam","16":"first","17":"instock","18":"shipping-taxable","19":"purchasable","20":"product-type-simple"},"yoast_head":"<!-- This site is optimized with the Yoast SEO plugin v27.4 - https:\/\/yoast.com\/product\/yoast-seo-wordpress\/ -->\n<title>Demetrios 1150 brudkl\u00e4nning - Demetrios br\u00f6llopskl\u00e4nning 2021 |\u00a0Proms and Weddings \u00ae<\/title>\n<meta name=\"description\" content=\"Demetrios 1150 brudkl\u00e4nning br\u00f6llopskl\u00e4nning 2022. K\u00f6p br\u00f6llopskl\u00e4der online hos Proms and Weddings. \u2713 Stort sortiment. \u2713\" \/>\n<meta name=\"robots\" content=\"index, follow, max-snippet:-1, max-image-preview:large, max-video-preview:-1\" \/>\n<link rel=\"canonical\" href=\"https:\/\/promsandweddings.se\/dk\/vare\/demetrios-1150-brudklanning\/\" \/>\n<meta property=\"og:locale\" content=\"da_DK\" \/>\n<meta property=\"og:type\" content=\"article\" \/>\n<meta property=\"og:title\" content=\"Demetrios 1150 brudkl\u00e4nning - Demetrios br\u00f6llopskl\u00e4nning 2021 |\u00a0Proms and Weddings \u00ae\" \/>\n<meta property=\"og:description\" content=\"Demetrios 1150 brudkl\u00e4nning br\u00f6llopskl\u00e4nning 2022. K\u00f6p br\u00f6llopskl\u00e4der online hos Proms and Weddings. \u2713 Stort sortiment. \u2713\" \/>\n<meta property=\"og:url\" content=\"https:\/\/promsandweddings.se\/dk\/vare\/demetrios-1150-brudklanning\/\" \/>\n<meta property=\"og:site_name\" content=\"Proms and Weddings\" \/>\n<meta property=\"article:publisher\" content=\"https:\/\/www.facebook.com\/promsandweddings\" \/>\n<meta property=\"article:modified_time\" content=\"2026-03-16T13:17:05+00:00\" \/>\n<meta property=\"og:image\" content=\"https:\/\/promsandweddings.se\/wp-content\/uploads\/2026\/03\/1150_3-575x817.jpg-1.webp\" \/>\n\t<meta property=\"og:image:width\" content=\"575\" \/>\n\t<meta property=\"og:image:height\" content=\"817\" \/>\n\t<meta property=\"og:image:type\" content=\"image\/webp\" \/>\n<meta name=\"twitter:card\" content=\"summary_large_image\" \/>\n<meta name=\"twitter:site\" content=\"@PromsWeddings\" \/>\n<meta name=\"twitter:label1\" content=\"Estimeret l\u00e6setid\" \/>\n\t<meta name=\"twitter:data1\" content=\"1 minut\" \/>\n<script type=\"application\/ld+json\" class=\"yoast-schema-graph\">{\"@context\":\"https:\\\/\\\/schema.org\",\"@graph\":[{\"@type\":\"WebPage\",\"@id\":\"https:\\\/\\\/promsandweddings.se\\\/produkt\\\/demetrios-1150-brudklanning\\\/\",\"url\":\"https:\\\/\\\/promsandweddings.se\\\/produkt\\\/demetrios-1150-brudklanning\\\/\",\"name\":\"Demetrios 1150 brudkl\u00e4nning - Demetrios br\u00f6llopskl\u00e4nning 2021 |\u00a0Proms and Weddings \u00ae\",\"isPartOf\":{\"@id\":\"https:\\\/\\\/promsandweddings.se\\\/#website\"},\"primaryImageOfPage\":{\"@id\":\"https:\\\/\\\/promsandweddings.se\\\/produkt\\\/demetrios-1150-brudklanning\\\/#primaryimage\"},\"image\":{\"@id\":\"https:\\\/\\\/promsandweddings.se\\\/produkt\\\/demetrios-1150-brudklanning\\\/#primaryimage\"},\"thumbnailUrl\":\"https:\\\/\\\/promsandweddings.se\\\/wp-content\\\/uploads\\\/2026\\\/03\\\/1150_3-575x817.jpg-1.webp\",\"datePublished\":\"2026-03-05T21:36:46+00:00\",\"dateModified\":\"2026-03-16T13:17:05+00:00\",\"description\":\"Demetrios 1150 brudkl\u00e4nning br\u00f6llopskl\u00e4nning 2022. K\u00f6p br\u00f6llopskl\u00e4der online hos Proms and Weddings. \u2713 Stort sortiment. \u2713\",\"breadcrumb\":{\"@id\":\"https:\\\/\\\/promsandweddings.se\\\/produkt\\\/demetrios-1150-brudklanning\\\/#breadcrumb\"},\"inLanguage\":\"da-DK\",\"potentialAction\":[{\"@type\":\"ReadAction\",\"target\":[\"https:\\\/\\\/promsandweddings.se\\\/produkt\\\/demetrios-1150-brudklanning\\\/\"]}]},{\"@type\":\"ImageObject\",\"inLanguage\":\"da-DK\",\"@id\":\"https:\\\/\\\/promsandweddings.se\\\/produkt\\\/demetrios-1150-brudklanning\\\/#primaryimage\",\"url\":\"https:\\\/\\\/promsandweddings.se\\\/wp-content\\\/uploads\\\/2026\\\/03\\\/1150_3-575x817.jpg-1.webp\",\"contentUrl\":\"https:\\\/\\\/promsandweddings.se\\\/wp-content\\\/uploads\\\/2026\\\/03\\\/1150_3-575x817.jpg-1.webp\",\"width\":575,\"height\":817},{\"@type\":\"BreadcrumbList\",\"@id\":\"https:\\\/\\\/promsandweddings.se\\\/produkt\\\/demetrios-1150-brudklanning\\\/#breadcrumb\",\"itemListElement\":[{\"@type\":\"ListItem\",\"position\":1,\"name\":\"Home\",\"item\":\"https:\\\/\\\/promsandweddings.se\\\/\"},{\"@type\":\"ListItem\",\"position\":2,\"name\":\"Webshop\",\"item\":\"https:\\\/\\\/promsandweddings.se\\\/webshop\\\/\"},{\"@type\":\"ListItem\",\"position\":3,\"name\":\"Demetrios 1150 brudkl\u00e4nning\"}]},{\"@type\":\"WebSite\",\"@id\":\"https:\\\/\\\/promsandweddings.se\\\/#website\",\"url\":\"https:\\\/\\\/promsandweddings.se\\\/\",\"name\":\"Proms and Weddings\",\"description\":\"Hitta din dr\u00f6mkl\u00e4nning\",\"publisher\":{\"@id\":\"https:\\\/\\\/promsandweddings.se\\\/#organization\"},\"alternateName\":\"Proms & Weddings\",\"potentialAction\":[{\"@type\":\"SearchAction\",\"target\":{\"@type\":\"EntryPoint\",\"urlTemplate\":\"https:\\\/\\\/promsandweddings.se\\\/?s={search_term_string}\"},\"query-input\":{\"@type\":\"PropertyValueSpecification\",\"valueRequired\":true,\"valueName\":\"search_term_string\"}}],\"inLanguage\":\"da-DK\"},{\"@type\":\"Organization\",\"@id\":\"https:\\\/\\\/promsandweddings.se\\\/#organization\",\"name\":\"Proms & Weddings\",\"url\":\"https:\\\/\\\/promsandweddings.se\\\/\",\"logo\":{\"@type\":\"ImageObject\",\"inLanguage\":\"da-DK\",\"@id\":\"https:\\\/\\\/promsandweddings.se\\\/#\\\/schema\\\/logo\\\/image\\\/\",\"url\":\"https:\\\/\\\/promsandweddings.se\\\/wp-content\\\/uploads\\\/2026\\\/03\\\/pwlogosv-2-2.webp\",\"contentUrl\":\"https:\\\/\\\/promsandweddings.se\\\/wp-content\\\/uploads\\\/2026\\\/03\\\/pwlogosv-2-2.webp\",\"width\":556,\"height\":152,\"caption\":\"Proms & Weddings\"},\"image\":{\"@id\":\"https:\\\/\\\/promsandweddings.se\\\/#\\\/schema\\\/logo\\\/image\\\/\"},\"sameAs\":[\"https:\\\/\\\/www.facebook.com\\\/promsandweddings\",\"https:\\\/\\\/x.com\\\/PromsWeddings\",\"https:\\\/\\\/www.instagram.com\\\/promsandweddings\\\/\",\"https:\\\/\\\/www.youtube.com\\\/@promsandweddings\\\/shorts\",\"https:\\\/\\\/www.tiktok.com\\\/@promsandweddings\",\"https:\\\/\\\/se.pinterest.com\\\/promsandwedding\"]}]}<\/script>\n<!-- \/ Yoast SEO plugin. -->","yoast_head_json":{"title":"Demetrios 1150 brudekjole - Demetrios bryllupskjole 2021 | Proms and Weddings \u00ae","description":"Demetrios 1150 brudekjole bryllupskjole 2022. K\u00f8b bryllupskjoler online hos Proms and Weddings. \u2713 Stort sortiment. \u2713","robots":{"index":"index","follow":"follow","max-snippet":"max-snippet:-1","max-image-preview":"max-image-preview:large","max-video-preview":"max-video-preview:-1"},"canonical":"https:\/\/promsandweddings.se\/dk\/vare\/demetrios-1150-brudklanning\/","og_locale":"da_DK","og_type":"article","og_title":"Demetrios 1150 brudkl\u00e4nning - Demetrios br\u00f6llopskl\u00e4nning 2021 |\u00a0Proms and Weddings \u00ae","og_description":"Demetrios 1150 brudkl\u00e4nning br\u00f6llopskl\u00e4nning 2022. K\u00f6p br\u00f6llopskl\u00e4der online hos Proms and Weddings. \u2713 Stort sortiment. \u2713","og_url":"https:\/\/promsandweddings.se\/dk\/vare\/demetrios-1150-brudklanning\/","og_site_name":"Proms and Weddings","article_publisher":"https:\/\/www.facebook.com\/promsandweddings","article_modified_time":"2026-03-16T13:17:05+00:00","og_image":[{"width":575,"height":817,"url":"https:\/\/promsandweddings.se\/wp-content\/uploads\/2026\/03\/1150_3-575x817.jpg-1.webp","type":"image\/webp"}],"twitter_card":"summary_large_image","twitter_site":"@PromsWeddings","twitter_misc":{"Estimeret l\u00e6setid":"1 minut"},"schema":{"@context":"https:\/\/schema.org","@graph":[{"@type":"WebPage","@id":"https:\/\/promsandweddings.se\/produkt\/demetrios-1150-brudklanning\/","url":"https:\/\/promsandweddings.se\/produkt\/demetrios-1150-brudklanning\/","name":"Demetrios 1150 brudekjole - Demetrios bryllupskjole 2021 | Proms and Weddings \u00ae","isPartOf":{"@id":"https:\/\/promsandweddings.se\/#website"},"primaryImageOfPage":{"@id":"https:\/\/promsandweddings.se\/produkt\/demetrios-1150-brudklanning\/#primaryimage"},"image":{"@id":"https:\/\/promsandweddings.se\/produkt\/demetrios-1150-brudklanning\/#primaryimage"},"thumbnailUrl":"https:\/\/promsandweddings.se\/wp-content\/uploads\/2026\/03\/1150_3-575x817.jpg-1.webp","datePublished":"2026-03-05T21:36:46+00:00","dateModified":"2026-03-16T13:17:05+00:00","description":"Demetrios 1150 brudekjole bryllupskjole 2022. K\u00f8b bryllupskjoler online hos Proms and Weddings. \u2713 Stort sortiment. \u2713","breadcrumb":{"@id":"https:\/\/promsandweddings.se\/produkt\/demetrios-1150-brudklanning\/#breadcrumb"},"inLanguage":"da-DK","potentialAction":[{"@type":"ReadAction","target":["https:\/\/promsandweddings.se\/produkt\/demetrios-1150-brudklanning\/"]}]},{"@type":"ImageObject","inLanguage":"da-DK","@id":"https:\/\/promsandweddings.se\/produkt\/demetrios-1150-brudklanning\/#primaryimage","url":"https:\/\/promsandweddings.se\/wp-content\/uploads\/2026\/03\/1150_3-575x817.jpg-1.webp","contentUrl":"https:\/\/promsandweddings.se\/wp-content\/uploads\/2026\/03\/1150_3-575x817.jpg-1.webp","width":575,"height":817},{"@type":"BreadcrumbList","@id":"https:\/\/promsandweddings.se\/produkt\/demetrios-1150-brudklanning\/#breadcrumb","itemListElement":[{"@type":"ListItem","position":1,"name":"Home","item":"https:\/\/promsandweddings.se\/"},{"@type":"ListItem","position":2,"name":"Webshop","item":"https:\/\/promsandweddings.se\/webshop\/"},{"@type":"ListItem","position":3,"name":"Demetrios 1150 brudkl\u00e4nning"}]},{"@type":"WebSite","@id":"https:\/\/promsandweddings.se\/#website","url":"https:\/\/promsandweddings.se\/","name":"Proms and Weddings","description":"Find din dr\u00f8mmekjole","publisher":{"@id":"https:\/\/promsandweddings.se\/#organization"},"alternateName":"Proms & Weddings","potentialAction":[{"@type":"SearchAction","target":{"@type":"EntryPoint","urlTemplate":"https:\/\/promsandweddings.se\/?s={search_term_string}"},"query-input":{"@type":"PropertyValueSpecification","valueRequired":true,"valueName":"search_term_string"}}],"inLanguage":"da-DK"},{"@type":"Organization","@id":"https:\/\/promsandweddings.se\/#organization","name":"Proms &amp; Weddings","url":"https:\/\/promsandweddings.se\/","logo":{"@type":"ImageObject","inLanguage":"da-DK","@id":"https:\/\/promsandweddings.se\/#\/schema\/logo\/image\/","url":"https:\/\/promsandweddings.se\/wp-content\/uploads\/2026\/03\/pwlogosv-2-2.webp","contentUrl":"https:\/\/promsandweddings.se\/wp-content\/uploads\/2026\/03\/pwlogosv-2-2.webp","width":556,"height":152,"caption":"Proms & Weddings"},"image":{"@id":"https:\/\/promsandweddings.se\/#\/schema\/logo\/image\/"},"sameAs":["https:\/\/www.facebook.com\/promsandweddings","https:\/\/x.com\/PromsWeddings","https:\/\/www.instagram.com\/promsandweddings\/","https:\/\/www.youtube.com\/@promsandweddings\/shorts","https:\/\/www.tiktok.com\/@promsandweddings","https:\/\/se.pinterest.com\/promsandwedding"]}]}},"jetpack_sharing_enabled":true,"brands":[],"_links":{"self":[{"href":"https:\/\/promsandweddings.se\/dk\/wp-json\/wp\/v2\/product\/692","targetHints":{"allow":["GET"]}}],"collection":[{"href":"https:\/\/promsandweddings.se\/dk\/wp-json\/wp\/v2\/product"}],"about":[{"href":"https:\/\/promsandweddings.se\/dk\/wp-json\/wp\/v2\/types\/product"}],"wp:featuredmedia":[{"embeddable":true,"href":"https:\/\/promsandweddings.se\/dk\/wp-json\/wp\/v2\/media\/25842"}],"wp:attachment":[{"href":"https:\/\/promsandweddings.se\/dk\/wp-json\/wp\/v2\/media?parent=692"}],"wp:term":[{"taxonomy":"pwb-brand","embeddable":true,"href":"https:\/\/promsandweddings.se\/dk\/wp-json\/wp\/v2\/pwb-brand?post=692"},{"taxonomy":"product_brand","embeddable":true,"href":"https:\/\/promsandweddings.se\/dk\/wp-json\/wp\/v2\/product_brand?post=692"},{"taxonomy":"product_cat","embeddable":true,"href":"https:\/\/promsandweddings.se\/dk\/wp-json\/wp\/v2\/product_cat?post=692"},{"taxonomy":"product_tag","embeddable":true,"href":"https:\/\/promsandweddings.se\/dk\/wp-json\/wp\/v2\/product_tag?post=692"}],"curies":[{"name":"wp","href":"https:\/\/api.w.org\/{rel}","templated":true}]}}